{"id":110,"date":"2026-01-06T15:42:57","date_gmt":"2026-01-06T14:42:57","guid":{"rendered":"https:\/\/lama-oase.de\/?page_id=110"},"modified":"2026-01-06T15:55:13","modified_gmt":"2026-01-06T14:55:13","slug":"cancellation-policy","status":"publish","type":"page","link":"https:\/\/lama-oase.de\/en\/cancellation-policy\/","title":{"rendered":"Cancellation policy"},"content":{"rendered":"<h2 class=\"wp-block-heading\"><strong>Right of cancellation<\/strong><\/h2>\n\n\n\n<p>You have the right to cancel this contract within fourteen days without giving any reason.<\/p>\n\n\n\n<p>The cancellation period is fourteen days from the day on which you or a third party named by you, who is not the carrier, have taken possession of the goods.<\/p>\n\n\n\n<p>To exercise your right of cancellation, you must contact us (<strong>Lama-Oase, Sabine Zallinger, Vorrathing 19, 84567 Erlbach, Germany, E-Mail:&nbsp;<a rel=\"noreferrer noopener\" target=\"_blank\" href=\"mailto:info@lama-oase.de\">info@lama-oase.de<\/a>, Phone: +49 176 24049306<\/strong>) of your decision to withdraw from this contract by an unequivocal statement (e.g. a letter sent by post or e-mail). You can use the attached sample cancellation form, but this is not mandatory.<\/p>\n\n\n\n<p>To meet the cancellation deadline, it is sufficient for you to send your notification of exercising your right of cancellation before the cancellation period expires.<\/p>\n\n\n\n<h3 class=\"wp-block-heading\"><strong>Consequences of cancellation<\/strong><\/h3>\n\n\n\n<p>If you withdraw from this contract, we shall reimburse to you all payments received from you, including the costs of delivery (with the exception of the supplementary costs resulting from your choice of a type of delivery other than the least expensive type of standard delivery offered by us), without undue delay and in any event not later than 14 days from the day on which we are informed about your decision to withdraw from this contract. For this repayment, we will use the same means of payment that you used for the original transaction, unless expressly agreed otherwise with you; in no case will you be charged any fees for this repayment.<\/p>\n\n\n\n<p>We may refuse to refund you until we have received the goods back or until you have provided proof that you have returned the goods, whichever is the earliest.<\/p>\n\n\n\n<p>You must return or hand over the goods to us immediately and in any case within fourteen days at the latest from the day on which you inform us of the cancellation of this contract. The deadline is met if you dispatch the goods before the period of fourteen days has expired.<\/p>\n\n\n\n<p>You bear the direct costs of returning the goods.<\/p>\n\n\n\n<p>You only have to pay for any loss in value of the goods if this loss in value is due to handling of the goods that is not necessary for checking their condition, properties and functionality.<\/p>\n\n\n\n<h3 class=\"wp-block-heading\"><strong>Reasons for exclusion or cancellation<\/strong><\/h3>\n\n\n\n<p>The right of cancellation does not apply to contracts for the delivery of goods which are not prefabricated and for the manufacture of which an individual selection or determination by the consumer is decisive or which are clearly tailored to the personal needs of the consumer (e.g. personalised gifts).<\/p>\n\n\n\n<p>The right of cancellation expires prematurely for contracts for the delivery of sealed goods that are not suitable for return for reasons of health protection or hygiene if their seal has been removed after delivery.<\/p>\n\n\n\n<hr class=\"wp-block-separator has-alpha-channel-opacity\"\/>\n\n\n\n<h2 class=\"wp-block-heading\"><strong>Sample cancellation form<\/strong><\/h2>\n\n\n\n<p><em>(If you wish to cancel the contract, please complete and return this form).<\/em><\/p>\n\n\n\n<p><strong>To:<\/strong><br>Lama Oasis, Sabine Zallinger<br>Vorrathing 19<br>84567 Erlbach<br>Germany<br><strong>e-mail:<\/strong>&nbsp;<a rel=\"noreferrer noopener\" target=\"_blank\" href=\"mailto:info@lama-oase.de\">info@lama-oase.de<\/a><\/p>\n\n\n\n<p>I\/we hereby revoke (<em>) the one I\/we (<\/em>) for the purchase of the following goods (<em>)\/the provision of the following service (<\/em>*)<\/p>\n\n\n\n<hr class=\"wp-block-separator has-alpha-channel-opacity\"\/>\n\n\n\n<p><em>(Description of the goods)<\/em><\/p>\n\n\n\n<p><strong>Ordered on (<em>)\/received on (<\/em>):<\/strong><\/p>\n\n\n\n<p>__________________ \/ __________________<\/p>\n\n\n\n<p><strong>Name of the consumer(s):<\/strong><\/p>\n\n\n\n<hr class=\"wp-block-separator has-alpha-channel-opacity\"\/>\n\n\n\n<p><strong>Address of the consumer(s):<\/strong><\/p>\n\n\n\n<hr class=\"wp-block-separator has-alpha-channel-opacity\"\/>\n\n\n\n<p><strong>Signature of the consumer(s) (only for notification on paper):<\/strong><\/p>\n\n\n\n<hr class=\"wp-block-separator has-alpha-channel-opacity\"\/>\n\n\n\n<p><strong>Date:<\/strong><\/p>\n\n\n\n<hr class=\"wp-block-separator has-alpha-channel-opacity\"\/>\n\n\n\n<p>(*) Delete as appropriate.<\/p>","protected":false},"excerpt":{"rendered":"<p>Widerrufsrecht Sie haben das Recht, binnen vierzehn Tagen ohne Angabe von Gr\u00fcnden diesen Vertrag zu widerrufen. Die Widerrufsfrist betr\u00e4gt vierzehn Tage ab dem Tag, an dem Sie oder ein von Ihnen benannter Dritter, der nicht der Bef\u00f6rderer ist, die Waren in Besitz genommen haben bzw. hat. Um Ihr Widerrufsrecht auszu\u00fcben, m\u00fcssen Sie uns (Lama-Oase, Sabine [&hellip;]<\/p>","protected":false},"author":1,"featured_media":0,"parent":0,"menu_order":0,"comment_status":"closed","ping_status":"closed","template":"","meta":{"_acf_changed":false,"footnotes":""},"class_list":["post-110","page","type-page","status-publish","hentry"],"acf":[],"_hostinger_reach_plugin_has_subscription_block":false,"_hostinger_reach_plugin_is_elementor":false,"_links":{"self":[{"href":"https:\/\/lama-oase.de\/en\/wp-json\/wp\/v2\/pages\/110","targetHints":{"allow":["GET"]}}],"collection":[{"href":"https:\/\/lama-oase.de\/en\/wp-json\/wp\/v2\/pages"}],"about":[{"href":"https:\/\/lama-oase.de\/en\/wp-json\/wp\/v2\/types\/page"}],"author":[{"embeddable":true,"href":"https:\/\/lama-oase.de\/en\/wp-json\/wp\/v2\/users\/1"}],"replies":[{"embeddable":true,"href":"https:\/\/lama-oase.de\/en\/wp-json\/wp\/v2\/comments?post=110"}],"version-history":[{"count":6,"href":"https:\/\/lama-oase.de\/en\/wp-json\/wp\/v2\/pages\/110\/revisions"}],"predecessor-version":[{"id":2130,"href":"https:\/\/lama-oase.de\/en\/wp-json\/wp\/v2\/pages\/110\/revisions\/2130"}],"wp:attachment":[{"href":"https:\/\/lama-oase.de\/en\/wp-json\/wp\/v2\/media?parent=110"}],"curies":[{"name":"wp","href":"https:\/\/api.w.org\/{rel}","templated":true}]}}