{"id":1696,"date":"2025-12-04T23:16:46","date_gmt":"2025-12-04T22:16:46","guid":{"rendered":"https:\/\/lama-oase.de\/?page_id=1696"},"modified":"2025-12-04T23:16:47","modified_gmt":"2025-12-04T22:16:47","slug":"imprimir","status":"publish","type":"page","link":"https:\/\/lama-oase.de\/es\/imprimir\/","title":{"rendered":"Pie de imprenta"},"content":{"rendered":"<h3 class=\"wp-block-heading\" id=\"1099921799\">Responsable:<\/h3>\n\n\n\n<p>Zum Ziegenbauer gbR<\/p>\n\n\n\n<p>Manfred y Sabine Zallinger<\/p>\n\n\n\n<h3 class=\"wp-block-heading\" id=\"1669622938\">Contacto:<\/h3>\n\n\n\n<p>Vorrathing 19, 84567 Erlbach<\/p>\n\n\n\n<p><a href=\"mailto:info@lama-oase.de\" target=\"_blank\" rel=\"noreferrer noopener\">info@lama-oase.de<\/a><\/p>\n\n\n\n<h3 class=\"wp-block-heading\" id=\"1551332469\">Derechos de imagen:<\/h3>\n\n\n\n<p>En su mayor\u00eda de propiedad privada<\/p>\n\n\n\n<p>Petra Losbichler Fotograf\u00eda www.foto-emotionen-pl.de<\/p>\n\n\n\n<p>Nicole Hecht www.nicole-hecht.de\/blog<\/p>\n\n\n\n<h3 class=\"wp-block-heading\" id=\"1842428427\">Descargo de responsabilidad:<\/h3>\n\n\n\n<p>A pesar del cuidadoso control de los contenidos, no asumimos ninguna responsabilidad por el contenido de los enlaces externos. Los operadores de las p\u00e1ginas enlazadas son los \u00fanicos responsables de su contenido.<br><br>Todos los contenidos de este sitio web son propiedad de Manfred y Sabine Zallinger. No aceptamos ninguna responsabilidad por errores en el contenido ni por los da\u00f1os resultantes.<\/p>\n\n\n\n<h3 class=\"wp-block-heading\" id=\"1081772499\">Protecci\u00f3n de datos:<\/h3>\n\n\n\n<p><a href=\"https:\/\/www.lama-oase.de\/privacy\">www.lama-oase.de\/privacy<\/a><\/p>","protected":false},"excerpt":{"rendered":"<p>Verantwortlich: Zum Ziegenbauer gbR Manfred und Sabine Zallinger Kontakt: Vorrathing 19, 84567 Erlbach info@lama-oase.de Bildrechte: Gr\u00f6\u00dftenteils aus Privatbesitz Petra Losbichler Fotografie www.foto-emotionen-pl.de Nicole Hecht www.nicole-hecht.de\/blog Haftungsausschluss: Trotz sorgf\u00e4ltiger inhaltlicher Kontrolle \u00fcbernehmen wir keine Haftung f\u00fcr die Inhalte externer Links. F\u00fcr den Inhalt der verlinkten Seiten sind ausschlie\u00dflich deren Betreiber verantwortlich.\ufeff\ufeff S\u00e4mtliche Inhalte dieser Website sind [&hellip;]<\/p>","protected":false},"author":2,"featured_media":0,"parent":0,"menu_order":0,"comment_status":"closed","ping_status":"closed","template":"","meta":{"_acf_changed":false,"footnotes":""},"class_list":["post-1696","page","type-page","status-publish","hentry"],"acf":[],"_hostinger_reach_plugin_has_subscription_block":false,"_hostinger_reach_plugin_is_elementor":false,"_links":{"self":[{"href":"https:\/\/lama-oase.de\/es\/wp-json\/wp\/v2\/pages\/1696","targetHints":{"allow":["GET"]}}],"collection":[{"href":"https:\/\/lama-oase.de\/es\/wp-json\/wp\/v2\/pages"}],"about":[{"href":"https:\/\/lama-oase.de\/es\/wp-json\/wp\/v2\/types\/page"}],"author":[{"embeddable":true,"href":"https:\/\/lama-oase.de\/es\/wp-json\/wp\/v2\/users\/2"}],"replies":[{"embeddable":true,"href":"https:\/\/lama-oase.de\/es\/wp-json\/wp\/v2\/comments?post=1696"}],"version-history":[{"count":1,"href":"https:\/\/lama-oase.de\/es\/wp-json\/wp\/v2\/pages\/1696\/revisions"}],"predecessor-version":[{"id":1697,"href":"https:\/\/lama-oase.de\/es\/wp-json\/wp\/v2\/pages\/1696\/revisions\/1697"}],"wp:attachment":[{"href":"https:\/\/lama-oase.de\/es\/wp-json\/wp\/v2\/media?parent=1696"}],"curies":[{"name":"wp","href":"https:\/\/api.w.org\/{rel}","templated":true}]}}