{"id":1908,"date":"2025-12-08T21:36:20","date_gmt":"2025-12-08T20:36:20","guid":{"rendered":"https:\/\/lama-oase.de\/?page_id=1908"},"modified":"2025-12-10T10:45:32","modified_gmt":"2025-12-10T09:45:32","slug":"politica-de-cookies","status":"publish","type":"page","link":"https:\/\/lama-oase.de\/es\/politica-de-cookies\/","title":{"rendered":"Pol\u00edtica de cookies"},"content":{"rendered":"<p>V\u00e1lido a partir del: 09 diciembre 2025<\/p>\n\n\n\n<p id=\"block-ca947883-ff5c-4f47-b134-2b8ecf0eb7c3\">\u00daltima actualizaci\u00f3n: 09 diciembre 2025<\/p>\n\n\n\n<h2 class=\"wp-block-heading\" id=\"block-500a63be-9b14-408b-983e-c5011e1a81f2\">\u00bfQu\u00e9 son las cookies?<\/h2>\n\n\n\n<p id=\"block-dd103bd0-bf58-421c-abf8-9caa46b50733\">Esta Pol\u00edtica de Cookies explica qu\u00e9 son las cookies, c\u00f3mo las utilizamos, los tipos de cookies que utilizamos (es decir, qu\u00e9 informaci\u00f3n recopilamos utilizando cookies y c\u00f3mo se utiliza esa informaci\u00f3n) y c\u00f3mo puede gestionar sus preferencias de cookies.<\/p>\n\n\n\n<p id=\"block-5f46def8-52d4-416b-b0ac-99a1db769cd8\">Las cookies son peque\u00f1os archivos de texto que se utilizan para almacenar peque\u00f1as cantidades de informaci\u00f3n. Se almacenan en su dispositivo cuando se carga un sitio web en su navegador. Estas cookies ayudan a que el sitio web funcione correctamente, aumentan la seguridad, ofrecen una mejor experiencia al usuario y analizan el rendimiento para determinar qu\u00e9 funciona y qu\u00e9 mejoras son necesarias.<\/p>\n\n\n\n<h2 class=\"wp-block-heading\" id=\"block-51867b20-160b-4686-8d5a-8853bff0f07f\">\u00bfC\u00f3mo utilizamos las cookies?<\/h2>\n\n\n\n<p id=\"block-5707fd14-38f0-4608-9e31-f3055dd33878\">Como la mayor\u00eda de los servicios en l\u00ednea, nuestro sitio web utiliza cookies propias y de terceros para diversos fines. Las cookies de origen son principalmente necesarias para el correcto funcionamiento del sitio web y no recopilan datos personales.<\/p>\n\n\n\n<p id=\"block-b2c1cabb-8c3b-4538-9b19-ea134fb37f31\">Las cookies de terceros utilizadas en nuestro sitio web nos ayudan principalmente a comprender el rendimiento del sitio web, realizar un seguimiento de su interacci\u00f3n con \u00e9l, garantizar la seguridad de nuestros servicios, ofrecer publicidad relevante y mejorar su experiencia general como usuario, al tiempo que aumentan la velocidad de sus futuras interacciones con nuestro sitio web.<\/p>\n\n\n\n<h2 class=\"wp-block-heading\" id=\"block-f776f599-b0e4-4eec-a421-23bd43ddfbb9\">Tipos de cookies que utilizamos<\/h2>\n\n\n\n<p id=\"block-0bbb2a4b-25b1-443d-90e0-e07f6261c99e\">Necesario<\/p>\n\n\n\n<p>Las cookies necesarias se requieren para permitir las funciones b\u00e1sicas de este sitio web, como proporcionar un inicio de sesi\u00f3n seguro o personalizar sus preferencias de consentimiento. Estas cookies no almacenan ning\u00fan dato personal.<\/p>\n\n\n\n<figure class=\"wp-block-table\"><table class=\"has-fixed-layout\"><thead><tr><th class=\"has-text-align-left\" data-align=\"left\">Galleta<\/th><th class=\"has-text-align-left\" data-align=\"left\">Duraci\u00f3n<\/th><th class=\"has-text-align-left\" data-align=\"left\">Descripci\u00f3n<\/th><\/tr><\/thead><tbody><tr><td class=\"has-text-align-left\" data-align=\"left\">wpEmojiSettingsSupports<\/td><td class=\"has-text-align-left\" data-align=\"left\">sesi\u00f3n<\/td><td class=\"has-text-align-left\" data-align=\"left\">WordPress establece esta cookie cuando un usuario interact\u00faa con emojis en un sitio web de WordPress. Ayuda a determinar si el navegador del usuario puede mostrar los emojis correctamente.<\/td><\/tr><tr><td class=\"has-text-align-left\" data-align=\"left\">cookieyes-consent<\/td><td class=\"has-text-align-left\" data-align=\"left\">1 a\u00f1o<\/td><td class=\"has-text-align-left\" data-align=\"left\">CookieYes instala esta cookie para almacenar las preferencias de consentimiento del usuario, de modo que puedan tenerse en cuenta en posteriores visitas a este sitio web. No se recoge ni almacena ning\u00fan dato personal sobre los visitantes del sitio web.<\/td><\/tr><tr><td class=\"has-text-align-left\" data-align=\"left\">woocommerce_items_in_cart<\/td><td class=\"has-text-align-left\" data-align=\"left\">sesi\u00f3n<\/td><td class=\"has-text-align-left\" data-align=\"left\">WooCommerce establece esta cookie para detectar si hay art\u00edculos en la cesta de la compra de WooCommerce.<\/td><\/tr><tr><td class=\"has-text-align-left\" data-align=\"left\">woocommerce_cart_hash<\/td><td class=\"has-text-align-left\" data-align=\"left\">sesi\u00f3n<\/td><td class=\"has-text-align-left\" data-align=\"left\">WooCommerce establece esta cookie para determinar cu\u00e1ndo cambia el contenido\/datos de la cesta de la compra.<\/td><\/tr><tr><td class=\"has-text-align-left\" data-align=\"left\">wp_woocommerce_session_*<\/td><td class=\"has-text-align-left\" data-align=\"left\">2 d\u00edas<\/td><td class=\"has-text-align-left\" data-align=\"left\">WooCommerce establece esta cookie para crear un c\u00f3digo \u00fanico para cada cliente para que sepa d\u00f3nde encontrar los datos de la cesta de la compra para cada cliente individual en la base de datos.<\/td><\/tr><tr><td class=\"has-text-align-left\" data-align=\"left\">elementor<\/td><td class=\"has-text-align-left\" data-align=\"left\">No caduca<\/td><td class=\"has-text-align-left\" data-align=\"left\">El tema WordPress del sitio web utiliza esta cookie. Permite al operador del sitio web implementar o cambiar el contenido del sitio web en tiempo real.<\/td><\/tr><tr><td class=\"has-text-align-left\" data-align=\"left\">m<\/td><td class=\"has-text-align-left\" data-align=\"left\">1 a\u00f1o 1 mes 4 d\u00edas<\/td><td class=\"has-text-align-left\" data-align=\"left\">Stripe instala esta cookie para combatir el fraude. Identifica el dispositivo utilizado para acceder al sitio web para que este pueda formatearse en consecuencia.<\/td><\/tr><tr><td class=\"has-text-align-left\" data-align=\"left\">raya_media<\/td><td class=\"has-text-align-left\" data-align=\"left\">1 a\u00f1o<\/td><td class=\"has-text-align-left\" data-align=\"left\">Stripe utiliza esta cookie para establecer un identificador de sesi\u00f3n \u00fanico que puede utilizarse para reconocer a los usuarios en varias sesiones.<\/td><\/tr><tr><td class=\"has-text-align-left\" data-align=\"left\">__stripe_sid<\/td><td class=\"has-text-align-left\" data-align=\"left\">1 hora<\/td><td class=\"has-text-align-left\" data-align=\"left\">Stripe establece esta cookie para establecer un identificador de sesi\u00f3n \u00fanico para una \u00fanica sesi\u00f3n.<\/td><\/tr><tr><td class=\"has-text-align-left\" data-align=\"left\">__cf_bm<\/td><td class=\"has-text-align-left\" data-align=\"left\">1 hora<\/td><td class=\"has-text-align-left\" data-align=\"left\">Esta cookie establecida por Cloudflare se utiliza para apoyar la gesti\u00f3n de bots de Cloudflare.<\/td><\/tr><tr><td class=\"has-text-align-left\" data-align=\"left\">METADATOS_PRIVACIDAD_VISITANTES<\/td><td class=\"has-text-align-left\" data-align=\"left\">6 meses<\/td><td class=\"has-text-align-left\" data-align=\"left\">YouTube establece esta cookie para almacenar el estado de consentimiento de cookies del usuario para el dominio actual.<\/td><\/tr><\/tbody><\/table><\/figure>\n\n\n\n<p>Funcional<\/p>\n\n\n\n<p>Las cookies funcionales ayudan a realizar determinadas funciones, como compartir contenidos del sitio web en plataformas de redes sociales, recopilar comentarios y otras funciones de terceros.<\/p>\n\n\n\n<figure class=\"wp-block-table\"><table class=\"has-fixed-layout\"><thead><tr><th class=\"has-text-align-left\" data-align=\"left\">Galleta<\/th><th class=\"has-text-align-left\" data-align=\"left\">Duraci\u00f3n<\/th><th class=\"has-text-align-left\" data-align=\"left\">Descripci\u00f3n<\/th><\/tr><\/thead><tbody><tr><td class=\"has-text-align-left\" data-align=\"left\">__cflb<\/td><td class=\"has-text-align-left\" data-align=\"left\">1 hora<\/td><td class=\"has-text-align-left\" data-align=\"left\">Esta cookie es utilizada por Cloudflare para equilibrar la carga.<\/td><\/tr><tr><td class=\"has-text-align-left\" data-align=\"left\">__Secure-YNID<\/td><td class=\"has-text-align-left\" data-align=\"left\">6 meses<\/td><td class=\"has-text-align-left\" data-align=\"left\">La descripci\u00f3n no est\u00e1 disponible actualmente.<\/td><\/tr><tr><td class=\"has-text-align-left\" data-align=\"left\">__Secure-ROLLOUT_TOKEN<\/td><td class=\"has-text-align-left\" data-align=\"left\">6 meses<\/td><td class=\"has-text-align-left\" data-align=\"left\">La descripci\u00f3n no est\u00e1 disponible actualmente.<\/td><\/tr><tr><td class=\"has-text-align-left\" data-align=\"left\">__Secure-YEC<\/td><td class=\"has-text-align-left\" data-align=\"left\">pasado<\/td><td class=\"has-text-align-left\" data-align=\"left\">La descripci\u00f3n no est\u00e1 disponible actualmente.<\/td><\/tr><tr><td class=\"has-text-align-left\" data-align=\"left\">hmt_id<\/td><td class=\"has-text-align-left\" data-align=\"left\">1 mes<\/td><td class=\"has-text-align-left\" data-align=\"left\">La descripci\u00f3n no est\u00e1 disponible actualmente.<\/td><\/tr><tr><td class=\"has-text-align-left\" data-align=\"left\">VISITOR_INFO1_LIVE<\/td><td class=\"has-text-align-left\" data-align=\"left\">6 meses<\/td><td class=\"has-text-align-left\" data-align=\"left\">Cookie establecida por YouTube para medir el ancho de banda, que determina si el usuario recibe la nueva o la antigua interfaz del reproductor.<\/td><\/tr><tr><td class=\"has-text-align-left\" data-align=\"left\">yt-remote-connected-devices<\/td><td class=\"has-text-align-left\" data-align=\"left\">No caduca<\/td><td class=\"has-text-align-left\" data-align=\"left\">YouTube establece esta cookie para guardar las preferencias de v\u00eddeo del usuario utilizando v\u00eddeos incrustados de YouTube.<\/td><\/tr><tr><td class=\"has-text-align-left\" data-align=\"left\">ytidb::CLAVE_\u00daLTIMO_RESULTADO_ENTRADA<\/td><td class=\"has-text-align-left\" data-align=\"left\">No caduca<\/td><td class=\"has-text-align-left\" data-align=\"left\">YouTube utiliza la cookie ytidb::LAST_RESULT_ENTRY_KEY para almacenar el \u00faltimo resultado de b\u00fasqueda en el que ha hecho clic el usuario. Esta informaci\u00f3n se utiliza para mejorar la experiencia del usuario mostrando resultados de b\u00fasqueda m\u00e1s relevantes en el futuro.<\/td><\/tr><tr><td class=\"has-text-align-left\" data-align=\"left\">yt-remote-device-id<\/td><td class=\"has-text-align-left\" data-align=\"left\">No caduca<\/td><td class=\"has-text-align-left\" data-align=\"left\">YouTube establece esta cookie para guardar las preferencias de v\u00eddeo del usuario utilizando v\u00eddeos incrustados de YouTube.<\/td><\/tr><tr><td class=\"has-text-align-left\" data-align=\"left\">yt-remote-session-name<\/td><td class=\"has-text-align-left\" data-align=\"left\">sesi\u00f3n<\/td><td class=\"has-text-align-left\" data-align=\"left\">La cookie \u201eyt-remote-session-name\u201c es utilizada por YouTube para guardar la configuraci\u00f3n del usuario para el reproductor de v\u00eddeo utilizando v\u00eddeos incrustados de YouTube.<\/td><\/tr><tr><td class=\"has-text-align-left\" data-align=\"left\">yt-remote-fast-check-period<\/td><td class=\"has-text-align-left\" data-align=\"left\">sesi\u00f3n<\/td><td class=\"has-text-align-left\" data-align=\"left\">La cookie \u201eyt-remote-fast-check-period\u201c es utilizada por YouTube para guardar la configuraci\u00f3n del usuario para el reproductor de v\u00eddeo de los v\u00eddeos incrustados de YouTube.<\/td><\/tr><tr><td class=\"has-text-align-left\" data-align=\"left\">yt-remote-session-app<\/td><td class=\"has-text-align-left\" data-align=\"left\">sesi\u00f3n<\/td><td class=\"has-text-align-left\" data-align=\"left\">La cookie \u201eyt-remote-session-app\u201c es utilizada por YouTube para almacenar la configuraci\u00f3n del usuario e informaci\u00f3n sobre la interfaz de usuario del reproductor de v\u00eddeo incrustado de YouTube.<\/td><\/tr><tr><td class=\"has-text-align-left\" data-align=\"left\">yt-remote-cast-available<\/td><td class=\"has-text-align-left\" data-align=\"left\">sesi\u00f3n<\/td><td class=\"has-text-align-left\" data-align=\"left\">La cookie \u201eyt-remote-cast-available\u201c se utiliza para almacenar las preferencias del usuario en cuanto a la disponibilidad del casting en su reproductor de v\u00eddeo de YouTube.<\/td><\/tr><tr><td class=\"has-text-align-left\" data-align=\"left\">yt-remote-cast-installed<\/td><td class=\"has-text-align-left\" data-align=\"left\">sesi\u00f3n<\/td><td class=\"has-text-align-left\" data-align=\"left\">La cookie \u201eyt-remote-cast-installed\u201c se utiliza para guardar la configuraci\u00f3n del usuario para el reproductor de v\u00eddeo que utiliza un v\u00eddeo incrustado de YouTube.<\/td><\/tr><\/tbody><\/table><\/figure>\n\n\n\n<p>Anal\u00edtica<\/p>\n\n\n\n<p>Las cookies anal\u00edticas se utilizan para comprender c\u00f3mo interact\u00faan los visitantes con el sitio web. Estas cookies proporcionan informaci\u00f3n sobre cifras clave como el n\u00famero de visitantes, la tasa de rebote, la fuente de tr\u00e1fico, etc.<\/p>\n\n\n\n<figure class=\"wp-block-table\"><table class=\"has-fixed-layout\"><thead><tr><th class=\"has-text-align-left\" data-align=\"left\">Galleta<\/th><th class=\"has-text-align-left\" data-align=\"left\">Duraci\u00f3n<\/th><th class=\"has-text-align-left\" data-align=\"left\">Descripci\u00f3n<\/th><\/tr><\/thead><tbody><tr><td class=\"has-text-align-left\" data-align=\"left\">YSC<\/td><td class=\"has-text-align-left\" data-align=\"left\">sesi\u00f3n<\/td><td class=\"has-text-align-left\" data-align=\"left\">La cookie YSC es instalada por YouTube y se utiliza para realizar un seguimiento de las visualizaciones de los v\u00eddeos incrustados en las p\u00e1ginas de YouTube.<\/td><\/tr><\/tbody><\/table><\/figure>\n\n\n\n<p>Publicidad<\/p>\n\n\n\n<p>Las cookies publicitarias se utilizan para mostrar publicidad personalizada a los visitantes en funci\u00f3n de las p\u00e1ginas visitadas anteriormente y para analizar la eficacia de las campa\u00f1as publicitarias.<\/p>\n\n\n\n<figure class=\"wp-block-table\"><table class=\"has-fixed-layout\"><thead><tr><th class=\"has-text-align-left\" data-align=\"left\">Galleta<\/th><th class=\"has-text-align-left\" data-align=\"left\">Duraci\u00f3n<\/th><th class=\"has-text-align-left\" data-align=\"left\">Descripci\u00f3n<\/th><\/tr><\/thead><tbody><tr><td class=\"has-text-align-left\" data-align=\"left\">NID<\/td><td class=\"has-text-align-left\" data-align=\"left\">6 meses<\/td><td class=\"has-text-align-left\" data-align=\"left\">Google instala la cookie con fines publicitarios para limitar el n\u00famero de anuncios mostrados al usuario, suprimir anuncios no deseados y medir la eficacia de los anuncios.<\/td><\/tr><tr><td class=\"has-text-align-left\" data-align=\"left\">yt.innertube::nextId<\/td><td class=\"has-text-align-left\" data-align=\"left\">No caduca<\/td><td class=\"has-text-align-left\" data-align=\"left\">YouTube establece esta cookie para registrar un ID \u00fanico que se utiliza para almacenar datos sobre los v\u00eddeos que el usuario ha visto en YouTube.<\/td><\/tr><tr><td class=\"has-text-align-left\" data-align=\"left\">yt.innertube::solicitudes<\/td><td class=\"has-text-align-left\" data-align=\"left\">No caduca<\/td><td class=\"has-text-align-left\" data-align=\"left\">YouTube establece esta cookie para registrar un ID \u00fanico que se utiliza para almacenar datos sobre los v\u00eddeos que el usuario ha visto en YouTube.<\/td><\/tr><\/tbody><\/table><\/figure>\n\n\n\n<h2 class=\"wp-block-heading\">Gestionar la configuraci\u00f3n de cookies<\/h2>\n\n\n\n<p id=\"block-d97edce9-7cd1-4b91-a405-6310e84a9d6d\"><a>Ajustes para el consentimiento<\/a><\/p>\n\n\n\n<p id=\"block-e064f3d9-da7a-4e52-9c10-06138db5761c\">Puede cambiar la configuraci\u00f3n de las cookies en cualquier momento haciendo clic en el bot\u00f3n \u201eConfiguraci\u00f3n del consentimiento\u201c. De este modo, puede volver a llamar el banner de consentimiento de cookies y actualizar su configuraci\u00f3n o revocar su consentimiento inmediatamente.<\/p>\n\n\n\n<p id=\"block-07a74fb9-471c-48df-aba9-c167815f454e\">Adem\u00e1s, los distintos navegadores ofrecen diferentes m\u00e9todos para bloquear y eliminar las cookies utilizadas por los sitios web. Puede personalizar la configuraci\u00f3n de su navegador para bloquear o eliminar las cookies. A continuaci\u00f3n encontrar\u00e1 enlaces a documentos de apoyo que describen c\u00f3mo puede gestionar y eliminar las cookies en los navegadores web m\u00e1s populares.<\/p>\n\n\n\n<p id=\"block-aac032d0-4400-4371-b986-d3ba7a7f50a3\">Cromo:&nbsp;<a href=\"https:\/\/support.google.com\/accounts\/answer\/32050\" target=\"_blank\" rel=\"noopener\">https:\/\/support.google.com\/accounts\/answer\/32050<\/a><\/p>\n\n\n\n<p id=\"block-85cc6ef0-513d-4e50-b2ac-d39e670fb194\">Safari:&nbsp;<a href=\"https:\/\/support.apple.com\/en-in\/guide\/safari\/sfri11471\/mac\" target=\"_blank\" rel=\"noopener\">https:\/\/support.apple.com\/en-in\/guide\/safari\/sfri11471\/mac<\/a><\/p>\n\n\n\n<p id=\"block-5bf79867-9eac-4915-a754-87abe60a2576\">Firefox:&nbsp;<a href=\"https:\/\/support.mozilla.org\/en-US\/kb\/clear-cookies-and-site-data-firefox?redirectslug=delete-cookies-remove-info-websites-stored&amp;redirectlocale=en-US\" target=\"_blank\" rel=\"noopener\">https:\/\/support.mozilla.org\/en-US\/kb\/clear-cookies-and-site-data-firefox?redirectslug=delete-cookies-remove-info-websites-stored&amp;redirectlocale=en-US<\/a><\/p>\n\n\n\n<p id=\"block-255c6110-4493-4492-bc4a-221072302899\">Internet Explorer:&nbsp;<a href=\"https:\/\/support.microsoft.com\/en-us\/topic\/how-to-delete-cookie-files-in-internet-explorer-bca9446f-d873-78de-77ba-d42645fa52fc\" target=\"_blank\" rel=\"noopener\">https:\/\/support.microsoft.com\/en-us\/topic\/how-to-delete-cookie-files-in-internet-explorer-bca9446f-d873-78de-77ba-d42645fa52fc<\/a><\/p>\n\n\n\n<p id=\"block-8478d655-f879-4824-ac27-e0afe98e0c19\">Si utilizas otro navegador, consulta la documentaci\u00f3n oficial.<\/p>\n\n\n\n<p>Pol\u00edtica de cookies creada por&nbsp;<a href=\"https:\/\/www.cookieyes.com\/?utm_source=CP&amp;utm_medium=footer&amp;utm_campaign=UW\" target=\"_blank\" rel=\"noopener\">CookieYes - Generador de pol\u00edtica de cookies<\/a><\/p>","protected":false},"excerpt":{"rendered":"<p>G\u00fcltig ab: 09. Dezember 2025 Zuletzt aktualisiert: 09. Dezember 2025 Was sind Cookies? Diese Cookie-Richtlinie erl\u00e4utert, was Cookies sind, wie wir sie verwenden, welche Arten von Cookies wir verwenden (d. h. welche Informationen wir mithilfe von Cookies erfassen und wie diese Informationen verwendet werden) und wie Sie Ihre Cookie-Einstellungen verwalten k\u00f6nnen. Cookies sind kleine Textdateien, [&hellip;]<\/p>","protected":false},"author":2,"featured_media":0,"parent":0,"menu_order":0,"comment_status":"closed","ping_status":"closed","template":"","meta":{"_acf_changed":false,"footnotes":""},"class_list":["post-1908","page","type-page","status-publish","hentry"],"acf":[],"_hostinger_reach_plugin_has_subscription_block":false,"_hostinger_reach_plugin_is_elementor":false,"_links":{"self":[{"href":"https:\/\/lama-oase.de\/es\/wp-json\/wp\/v2\/pages\/1908","targetHints":{"allow":["GET"]}}],"collection":[{"href":"https:\/\/lama-oase.de\/es\/wp-json\/wp\/v2\/pages"}],"about":[{"href":"https:\/\/lama-oase.de\/es\/wp-json\/wp\/v2\/types\/page"}],"author":[{"embeddable":true,"href":"https:\/\/lama-oase.de\/es\/wp-json\/wp\/v2\/users\/2"}],"replies":[{"embeddable":true,"href":"https:\/\/lama-oase.de\/es\/wp-json\/wp\/v2\/comments?post=1908"}],"version-history":[{"count":4,"href":"https:\/\/lama-oase.de\/es\/wp-json\/wp\/v2\/pages\/1908\/revisions"}],"predecessor-version":[{"id":1990,"href":"https:\/\/lama-oase.de\/es\/wp-json\/wp\/v2\/pages\/1908\/revisions\/1990"}],"wp:attachment":[{"href":"https:\/\/lama-oase.de\/es\/wp-json\/wp\/v2\/media?parent=1908"}],"curies":[{"name":"wp","href":"https:\/\/api.w.org\/{rel}","templated":true}]}}