{"id":3,"date":"2025-11-19T17:07:04","date_gmt":"2025-11-19T17:07:04","guid":{"rendered":"http:\/\/lama-oase.de\/?page_id=3"},"modified":"2025-12-08T21:34:59","modified_gmt":"2025-12-08T20:34:59","slug":"declaracion-de-proteccion-de-datos","status":"publish","type":"page","link":"https:\/\/lama-oase.de\/es\/declaracion-de-proteccion-de-datos\/","title":{"rendered":"Pol\u00edtica de privacidad"},"content":{"rendered":"<p>Pol\u00edtica de privacidad<\/p>\n\n\n\n<p>1. persona responsable<br>El responsable del tratamiento de datos en este sitio web es<br>Al criador de cabras GbR<br>Manfred y Sabine Zallinger<br>Vorrathing 19<br>84567 Erlbach<br>Correo electr\u00f3nico: info@lama-oase.de<\/p>\n\n\n\n<p>2. finalidad y fundamento jur\u00eddico del tratamiento de datos<br>Procesamos datos personales para ofrecer nuestro sitio web, responder a consultas, procesar reservas y pedidos en nuestra tienda en l\u00ednea y cumplir obligaciones legales. Las bases jur\u00eddicas son el art\u00edculo 6, apartado 1, letra b), del RGPD (cumplimiento del contrato), el art\u00edculo 6, apartado 1, letra f), del RGPD (inter\u00e9s leg\u00edtimo en el funcionamiento seguro y econ\u00f3mico del sitio web) y el art\u00edculo 6, apartado 1, letra c), del RGPD (obligaciones legales).<\/p>\n\n\n\n<p>3. datos registrados<br>Cuando se accede a nuestro sitio web, se procesan autom\u00e1ticamente datos t\u00e9cnicos (por ejemplo, direcci\u00f3n IP, fecha y hora de acceso, p\u00e1ginas visitadas, navegador utilizado, sistema operativo). Estos datos se utilizan para garantizar un funcionamiento t\u00e9cnicamente sin errores y para analizar y mejorar nuestro sitio web.<br>Si se pone en contacto con nosotros a trav\u00e9s de formularios, correo electr\u00f3nico o la tienda o realiza reservas, procesamos los datos que nos facilita (por ejemplo, nombre, direcci\u00f3n, direcci\u00f3n de correo electr\u00f3nico, n\u00famero de tel\u00e9fono, datos de la reserva o del pedido).<\/p>\n\n\n\n<p>4. almacenamiento<br>S\u00f3lo almacenamos los datos personales durante el tiempo necesario para cumplir los fines indicados o mientras estemos legalmente obligados a hacerlo (por ejemplo, periodos de conservaci\u00f3n en virtud de la legislaci\u00f3n mercantil y fiscal). A continuaci\u00f3n, los datos se eliminan o se convierten en an\u00f3nimos.<\/p>\n\n\n\n<p>5. divulgaci\u00f3n de datos<br>Sus datos solo se transmitir\u00e1n si es necesario para el cumplimiento del contrato (por ejemplo, proveedores de servicios de pago, proveedores de servicios inform\u00e1ticos o de alojamiento) o si existe una obligaci\u00f3n legal de hacerlo. Celebramos contratos de procesamiento de pedidos con proveedores de servicios que procesan datos personales en nuestro nombre de conformidad con el art\u00edculo 28 del GDPR.<\/p>\n\n\n\n<p>6. cookies y tecnolog\u00edas comparables<br>Nuestro sitio web utiliza cookies para proporcionar funciones b\u00e1sicas, guardar ajustes y analizar estad\u00edsticamente el uso. Puede oponerse al uso de cookies que no sean t\u00e9cnicamente necesarias a trav\u00e9s del banner de cookies o revocar su consentimiento en cualquier momento. Tambi\u00e9n puede eliminar o bloquear las cookies en cualquier momento en la configuraci\u00f3n de su navegador; esto puede dar lugar a restricciones funcionales en el sitio web.<\/p>\n\n\n\n<p>7. fuentes web y contenido externo<br>Podemos utilizar fuentes web (por ejemplo, Google Fonts) para la visualizaci\u00f3n normalizada de fuentes. Si se cargan desde servidores externos, el proveedor puede procesar su direcci\u00f3n IP. Encontrar\u00e1 m\u00e1s informaci\u00f3n en la informaci\u00f3n sobre protecci\u00f3n de datos del proveedor correspondiente.<\/p>\n\n\n\n<p>8. sus derechos<br>Usted tiene los siguientes derechos en el marco de las disposiciones legales.<br>[Derecho a la informaci\u00f3n sobre los datos personales tratados por nosotros (Art. 15 GDPR)<\/p>\n\n\n\n<ul class=\"wp-block-list\">\n<li>Derecho de rectificaci\u00f3n de datos inexactos o incompletos (Art. 16 GDPR)<\/li>\n\n\n\n<li>Derecho de supresi\u00f3n (\u201ederecho al olvido\u201c, Art. 17 GDPR)<\/li>\n\n\n\n<li>Derecho a la restricci\u00f3n del tratamiento (Art. 18 GDPR)<\/li>\n\n\n\n<li>Derecho a la portabilidad de los datos (Art. 20 GDPR)<\/li>\n\n\n\n<li>Derecho a oponerse al tratamiento basado en el art\u00edculo 6, apartado 1, letra e) o f) del RGPD (art\u00edculo 21 del RGPD)<\/li>\n\n\n\n<li>Derecho a presentar una reclamaci\u00f3n ante una autoridad de control (en particular, la Oficina Estatal de Control de Protecci\u00f3n de Datos de Baviera)](pplx:\/\/action\/translate)<\/li>\n<\/ul>\n\n\n\n<p>Si desea ejercer alguno de sus derechos, puede ponerse en contacto con nosotros en cualquier momento en info@lama-oase.de.<\/p>\n\n\n\n<p>9. menores<br>Nuestra oferta en l\u00ednea no est\u00e1 dirigida a los ni\u00f1os. El uso por parte de menores s\u00f3lo est\u00e1 permitido con el consentimiento de sus padres o tutores. Si se da cuenta de que un menor nos ha enviado datos personales sin su consentimiento, p\u00f3ngase en contacto con nosotros para que podamos eliminarlos.<\/p>\n\n\n\n<p>10. actualizar esta pol\u00edtica de privacidad<br>Nos reservamos el derecho a modificar esta pol\u00edtica de privacidad para que cumpla siempre los requisitos legales vigentes o para reflejar cambios en nuestros servicios. La versi\u00f3n actual se aplicar\u00e1 a su pr\u00f3xima visita.<\/p>\n\n\n\n<p>Estatus: 12\/2025<\/p>","protected":false},"excerpt":{"rendered":"<p>Datenschutzerkl\u00e4rung\ufeff 1. Verantwortlicher\ufeffVerantwortlich f\u00fcr die Datenverarbeitung auf dieser Website istZum Ziegenbauer GbRManfred und Sabine ZallingerVorrathing 1984567 ErlbachE-Mail: info@lama-oase.de\ufeff 2. Zweck und Rechtsgrundlagen der Datenverarbeitung\ufeffWir verarbeiten personenbezogene Daten zur Bereitstellung unserer Website, zur Beantwortung von Anfragen, zur Durchf\u00fchrung von Buchungen und Bestellungen in unserem Online-Shop sowie zur Erf\u00fcllung gesetzlicher Pflichten. Rechtsgrundlagen sind Art. 6 Abs. 1 [&hellip;]<\/p>","protected":false},"author":1,"featured_media":0,"parent":0,"menu_order":0,"comment_status":"closed","ping_status":"closed","template":"","meta":{"_acf_changed":false,"footnotes":""},"class_list":["post-3","page","type-page","status-publish","hentry"],"acf":[],"_hostinger_reach_plugin_has_subscription_block":false,"_hostinger_reach_plugin_is_elementor":false,"_links":{"self":[{"href":"https:\/\/lama-oase.de\/es\/wp-json\/wp\/v2\/pages\/3","targetHints":{"allow":["GET"]}}],"collection":[{"href":"https:\/\/lama-oase.de\/es\/wp-json\/wp\/v2\/pages"}],"about":[{"href":"https:\/\/lama-oase.de\/es\/wp-json\/wp\/v2\/types\/page"}],"author":[{"embeddable":true,"href":"https:\/\/lama-oase.de\/es\/wp-json\/wp\/v2\/users\/1"}],"replies":[{"embeddable":true,"href":"https:\/\/lama-oase.de\/es\/wp-json\/wp\/v2\/comments?post=3"}],"version-history":[{"count":3,"href":"https:\/\/lama-oase.de\/es\/wp-json\/wp\/v2\/pages\/3\/revisions"}],"predecessor-version":[{"id":1907,"href":"https:\/\/lama-oase.de\/es\/wp-json\/wp\/v2\/pages\/3\/revisions\/1907"}],"wp:attachment":[{"href":"https:\/\/lama-oase.de\/es\/wp-json\/wp\/v2\/media?parent=3"}],"curies":[{"name":"wp","href":"https:\/\/api.w.org\/{rel}","templated":true}]}}