{"id":469,"date":"2025-11-30T12:38:47","date_gmt":"2025-11-30T11:38:47","guid":{"rendered":"https:\/\/lama-oase.de\/?page_id=469"},"modified":"2026-03-22T19:03:39","modified_gmt":"2026-03-22T18:03:39","slug":"eventos-de-grupo","status":"publish","type":"page","link":"https:\/\/lama-oase.de\/es\/eventos-de-grupo\/","title":{"rendered":"Eventos de grupo"},"content":{"rendered":"<h1>Eventos en grupo con llamas y camellos en Baviera<br \/>\n<\/h1>\n<h2>Planifique su d\u00eda especial en el coraz\u00f3n de la Alta Baviera<br \/>\n<\/h2>\n<p>Organice su evento de grupo en nuestro paisaje natural de Erlbach, en el sur de Alemania, rodeado de llamas, camellos y otros animales de granja. Elija el formato que m\u00e1s le convenga -desde team building y viajes escolares hasta cumplea\u00f1os o reuniones inclusivas- y juntos dise\u00f1aremos un programa a medida que se adapte a su grupo, sus horarios y sus deseos.<\/p>\n<p>\t\t\t\t\t\t\t\t\t\t\t\t\t<img fetchpriority=\"high\" width=\"800\" height=\"800\" src=\"https:\/\/lama-oase.de\/wp-content\/uploads\/2025\/12\/lamaNoBG-1024x1024.png\" alt=\"\" decoding=\"async\" srcset=\"https:\/\/lama-oase.de\/wp-content\/uploads\/2025\/12\/lamaNoBG-1024x1024.png 1024w, https:\/\/lama-oase.de\/wp-content\/uploads\/2025\/12\/lamaNoBG-300x300.png 300w, https:\/\/lama-oase.de\/wp-content\/uploads\/2025\/12\/lamaNoBG-100x100.png 100w, https:\/\/lama-oase.de\/wp-content\/uploads\/2025\/12\/lamaNoBG-600x600.png 600w, https:\/\/lama-oase.de\/wp-content\/uploads\/2025\/12\/lamaNoBG-150x150.png 150w, https:\/\/lama-oase.de\/wp-content\/uploads\/2025\/12\/lamaNoBG-768x768.png 768w, https:\/\/lama-oase.de\/wp-content\/uploads\/2025\/12\/lamaNoBG-12x12.png 12w, https:\/\/lama-oase.de\/wp-content\/uploads\/2025\/12\/lamaNoBG.png 1500w\" sizes=\"(max-width: 800px) 100vw, 800px\">\t\t\t\t\t\t\t\t\t\t\t\t\t\t\t\t<\/p>\n<h2>\u00bfBusca una forma m\u00e1s personal de celebrar su evento?<\/h2>\n<p>Tal vez le guste uno de nuestros formatos existentes, pero tiene deseos especiales para su grupo. H\u00e1ganos saber sus ideas, requisitos y fecha preferida y juntos personalizaremos la experiencia para que se adapte a usted y a sus invitados.<\/p>\n<p>\t\t\t\t\t\t\t\t<a role=\"button\"><br \/>\n\t\t\t\t<svg aria-hidden=\"true\" viewbox=\"0 0 448 512\" xmlns=\"http:\/\/www.w3.org\/2000\/svg\"><path d=\"M380.9 97.1C339 55.1 283.2 32 223.9 32c-122.4 0-222 99.6-222 222 0 39.1 10.2 77.3 29.6 111L0 480l117.7-30.9c32.4 17.7 68.9 27 106.1 27h.1c122.3 0 224.1-99.6 224.1-222 0-59.3-25.2-115-67.1-157zm-157 341.6c-33.2 0-65.7-8.9-94-25.7l-6.7-4-69.8 18.3L72 359.2l-4.4-7c-18.5-29.4-28.2-63.3-28.2-98.2 0-101.7 82.8-184.5 184.6-184.5 49.3 0 95.6 19.2 130.4 54.1 34.8 34.9 56.2 81.2 56.1 130.5 0 101.8-84.9 184.6-186.6 184.6zm101.2-138.2c-5.5-2.8-32.8-16.2-37.9-18-5.1-1.9-8.8-2.8-12.5 2.8-3.7 5.6-14.3 18-17.6 21.8-3.2 3.7-6.5 4.2-12 1.4-32.6-16.3-54-29.1-75.5-66-5.7-9.8 5.7-9.1 16.3-30.3 1.8-3.7.9-6.9-.5-9.7-1.4-2.8-12.5-30.1-17.1-41.2-4.5-10.8-9.1-9.3-12.5-9.5-3.2-.2-6.9-.2-10.6-.2-3.7 0-9.7 1.4-14.8 6.9-5.1 5.6-19.4 19-19.4 46.3 0 27.3 19.9 53.7 22.6 57.4 2.8 3.7 39.1 59.7 94.8 83.8 35.2 15.2 49 16.5 66.6 13.9 10.7-1.6 32.8-13.4 37.4-26.4 4.6-13 4.6-24.1 3.2-26.4-1.3-2.5-5-3.9-10.5-6.6z\"><\/path><\/svg><br \/>\n\t\t\t\t\t\t\t\t\tHablemos de ello<br \/>\n\t\t\t\t\t<\/a><\/p>","protected":false},"excerpt":{"rendered":"<p>Gruppenevents mit Lamas und Kamelen in Bayern Planen Sie Ihren besonderen Tag im Herzen Oberbayerns Veranstalten Sie Ihr Gruppenevent in unserer Naturlandschaft in Erlbach, im S\u00fcden Deutschlands, umgeben von Lamas, Kamelen und anderen Nutztieren. W\u00e4hlen Sie das Format, das am besten zu Ihnen passt \u2013 von Teambuilding und Schulausfl\u00fcgen bis hin zu Geburtstagen oder inklusiven [&hellip;]<\/p>","protected":false},"author":3,"featured_media":0,"parent":0,"menu_order":0,"comment_status":"closed","ping_status":"closed","template":"","meta":{"_acf_changed":false,"footnotes":""},"class_list":["post-469","page","type-page","status-publish","hentry"],"acf":[],"_hostinger_reach_plugin_has_subscription_block":false,"_hostinger_reach_plugin_is_elementor":false,"_links":{"self":[{"href":"https:\/\/lama-oase.de\/es\/wp-json\/wp\/v2\/pages\/469","targetHints":{"allow":["GET"]}}],"collection":[{"href":"https:\/\/lama-oase.de\/es\/wp-json\/wp\/v2\/pages"}],"about":[{"href":"https:\/\/lama-oase.de\/es\/wp-json\/wp\/v2\/types\/page"}],"author":[{"embeddable":true,"href":"https:\/\/lama-oase.de\/es\/wp-json\/wp\/v2\/users\/3"}],"replies":[{"embeddable":true,"href":"https:\/\/lama-oase.de\/es\/wp-json\/wp\/v2\/comments?post=469"}],"version-history":[{"count":39,"href":"https:\/\/lama-oase.de\/es\/wp-json\/wp\/v2\/pages\/469\/revisions"}],"predecessor-version":[{"id":1933,"href":"https:\/\/lama-oase.de\/es\/wp-json\/wp\/v2\/pages\/469\/revisions\/1933"}],"wp:attachment":[{"href":"https:\/\/lama-oase.de\/es\/wp-json\/wp\/v2\/media?parent=469"}],"curies":[{"name":"wp","href":"https:\/\/api.w.org\/{rel}","templated":true}]}}