{"id":1014,"date":"2025-12-03T11:05:32","date_gmt":"2025-12-03T10:05:32","guid":{"rendered":"https:\/\/lama-oase.de\/?post_type=product&#038;p=1014"},"modified":"2025-12-09T20:57:57","modified_gmt":"2025-12-09T19:57:57","slug":"jabon-de-los-mas-jovenes-con-queratina-de-llama","status":"publish","type":"product","link":"https:\/\/lama-oase.de\/es\/producto\/jabon-de-los-mas-jovenes-con-queratina-de-llama\/","title":{"rendered":"Jab\u00f3n para los m\u00e1s peque\u00f1os con queratina de llama"},"content":{"rendered":"<div class=\"product-details product-details--layout-sidebar-right product-details--description-basic product-details--top-title\">\n<div class=\"product-details__description\">\n<div class=\"product-details-module product-details__general-info\">\n<div class=\"product-details-module__content\">\n<div id=\"productDescription\" class=\"product-details__product-description\">Estupendos jabones artesanales con queratina de nuestra lana de llama hechos por nuestros m\u00e1s j\u00f3venes. En diferentes fragancias. En una estupenda caja de papel (sostenible).<\/div>\n<\/div>\n<\/div>\n<\/div>\n<\/div>","protected":false},"excerpt":{"rendered":"<p>Jabones naturales hechos a mano con queratina de nuestra propia lana de llama, disponibles en varias fragancias y envasados de forma sostenible en cajas de papel: un regalo especial y nutritivo.<\/p>","protected":false},"featured_media":1028,"comment_status":"open","ping_status":"closed","template":"","meta":{"_acf_changed":false},"product_brand":[],"product_cat":[41,45],"product_tag":[],"class_list":{"0":"post-1014","1":"product","2":"type-product","3":"status-publish","4":"has-post-thumbnail","6":"product_cat-produkte-geschenke","7":"product_cat-gesundheit-wohlbefinden","8":"product_shipping_class-small","10":"first","11":"instock","12":"shipping-taxable","13":"purchasable","14":"product-type-variable"},"acf":[],"_links":{"self":[{"href":"https:\/\/lama-oase.de\/es\/wp-json\/wp\/v2\/product\/1014","targetHints":{"allow":["GET"]}}],"collection":[{"href":"https:\/\/lama-oase.de\/es\/wp-json\/wp\/v2\/product"}],"about":[{"href":"https:\/\/lama-oase.de\/es\/wp-json\/wp\/v2\/types\/product"}],"replies":[{"embeddable":true,"href":"https:\/\/lama-oase.de\/es\/wp-json\/wp\/v2\/comments?post=1014"}],"wp:featuredmedia":[{"embeddable":true,"href":"https:\/\/lama-oase.de\/es\/wp-json\/wp\/v2\/media\/1028"}],"wp:attachment":[{"href":"https:\/\/lama-oase.de\/es\/wp-json\/wp\/v2\/media?parent=1014"}],"wp:term":[{"taxonomy":"product_brand","embeddable":true,"href":"https:\/\/lama-oase.de\/es\/wp-json\/wp\/v2\/product_brand?post=1014"},{"taxonomy":"product_cat","embeddable":true,"href":"https:\/\/lama-oase.de\/es\/wp-json\/wp\/v2\/product_cat?post=1014"},{"taxonomy":"product_tag","embeddable":true,"href":"https:\/\/lama-oase.de\/es\/wp-json\/wp\/v2\/product_tag?post=1014"}],"curies":[{"name":"wp","href":"https:\/\/api.w.org\/{rel}","templated":true}]}}