{"id":1032,"date":"2025-12-03T11:25:17","date_gmt":"2025-12-03T10:25:17","guid":{"rendered":"https:\/\/lama-oase.de\/?post_type=product&#038;p=1032"},"modified":"2025-12-03T13:37:31","modified_gmt":"2025-12-03T12:37:31","slug":"jabon-artesanal-con-queratina-de-llama","status":"publish","type":"product","link":"https:\/\/lama-oase.de\/es\/producto\/jabon-artesanal-con-queratina-de-llama\/","title":{"rendered":"Jab\u00f3n artesanal con queratina de llama"},"content":{"rendered":"<p><span class=\"group\/language-learning cursor-pointer\"><span class=\"group-hover\/language-learning:border-foreground border-subtle cursor-pointer hyphens-auto break-words border-b-2 border-dotted outline-none transition-colors duration-200 ease-out font-sans text-base font-medium text-foreground selection:bg-super\/50 selection:text-foreground dark:selection:bg-super\/10 dark:selection:text-super\">Todos nuestros jabones se fabrican a mano en peque\u00f1os lotes, se colorean y perfuman individualmente. Las ligeras variaciones en el color y el dibujo son un signo de aut\u00e9ntica artesan\u00eda.<\/span><\/span><\/p>","protected":false},"excerpt":{"rendered":"<p><span class=\"group\/language-learning cursor-pointer\"><span class=\"group-hover\/language-learning:border-foreground border-subtle cursor-pointer hyphens-auto break-words border-b-2 border-dotted outline-none transition-colors duration-200 ease-out font-sans text-base font-medium text-foreground selection:bg-super\/50 selection:text-foreground dark:selection:bg-super\/10 dark:selection:text-super\">Jab\u00f3n nutritivo hecho a mano con queratina de la lana de nuestras llamas. Suave con la piel y adecuado como jab\u00f3n de manos o de pelo seg\u00fan la variedad, disponible en diferentes fragancias y dise\u00f1os.<\/span><\/span><\/p>","protected":false},"featured_media":1055,"comment_status":"open","ping_status":"closed","template":"","meta":{"_acf_changed":false},"product_brand":[],"product_cat":[41,45],"product_tag":[],"class_list":{"0":"post-1032","1":"product","2":"type-product","3":"status-publish","4":"has-post-thumbnail","6":"product_cat-produkte-geschenke","7":"product_cat-gesundheit-wohlbefinden","8":"product_shipping_class-small","10":"first","11":"instock","12":"shipping-taxable","13":"purchasable","14":"product-type-variable"},"acf":[],"_links":{"self":[{"href":"https:\/\/lama-oase.de\/es\/wp-json\/wp\/v2\/product\/1032","targetHints":{"allow":["GET"]}}],"collection":[{"href":"https:\/\/lama-oase.de\/es\/wp-json\/wp\/v2\/product"}],"about":[{"href":"https:\/\/lama-oase.de\/es\/wp-json\/wp\/v2\/types\/product"}],"replies":[{"embeddable":true,"href":"https:\/\/lama-oase.de\/es\/wp-json\/wp\/v2\/comments?post=1032"}],"wp:featuredmedia":[{"embeddable":true,"href":"https:\/\/lama-oase.de\/es\/wp-json\/wp\/v2\/media\/1055"}],"wp:attachment":[{"href":"https:\/\/lama-oase.de\/es\/wp-json\/wp\/v2\/media?parent=1032"}],"wp:term":[{"taxonomy":"product_brand","embeddable":true,"href":"https:\/\/lama-oase.de\/es\/wp-json\/wp\/v2\/product_brand?post=1032"},{"taxonomy":"product_cat","embeddable":true,"href":"https:\/\/lama-oase.de\/es\/wp-json\/wp\/v2\/product_cat?post=1032"},{"taxonomy":"product_tag","embeddable":true,"href":"https:\/\/lama-oase.de\/es\/wp-json\/wp\/v2\/product_tag?post=1032"}],"curies":[{"name":"wp","href":"https:\/\/api.w.org\/{rel}","templated":true}]}}