{"id":1062,"date":"2025-12-03T11:53:58","date_gmt":"2025-12-03T10:53:58","guid":{"rendered":"https:\/\/lama-oase.de\/?post_type=product&#038;p=1062"},"modified":"2025-12-03T13:37:13","modified_gmt":"2025-12-03T12:37:13","slug":"boligrafo-con-figura-de-lama-biros-o-lapiz","status":"publish","type":"product","link":"https:\/\/lama-oase.de\/es\/producto\/boligrafo-con-figura-de-lama-biros-o-lapiz\/","title":{"rendered":"Bol\u00edgrafo con figura de llama - biros o l\u00e1piz"},"content":{"rendered":"<div class=\"product-details product-details--layout-sidebar-right product-details--description-basic product-details--top-title\">\n<div class=\"product-details__description\">\n<div class=\"product-details-module product-details__general-info\">\n<div class=\"product-details-module__content\">\n<div id=\"productDescription\" class=\"product-details__product-description\">\n<ul class=\"marker:text-quiet list-disc\">\n<li class=\"py-0 my-0 prose-p:pt-0 prose-p:mb-2 prose-p:my-0 [&amp;&gt;p]:pt-0 [&amp;&gt;p]:mb-2 [&amp;&gt;p]:my-0\">\n<p class=\"my-2 [&amp;+p]:mt-4 [&amp;_strong:has(+br)]:inline-block [&amp;_strong:has(+br)]:pb-2\"><span class=\"group\/language-learning cursor-pointer\"><span class=\"group-hover\/language-learning:border-foreground border-subtle cursor-pointer hyphens-auto break-words border-b-2 border-dotted outline-none transition-colors duration-200 ease-out font-sans text-base font-medium text-foreground selection:bg-super\/50 selection:text-foreground dark:selection:bg-super\/10 dark:selection:text-super\">Nuestros l\u00e1pices de llama est\u00e1n hechos a mano y envueltos en hilos de colores. En la parte superior hay una detallada figura de una llama que hace sonre\u00edr a ni\u00f1os y mayores.<\/span><\/span><\/p>\n<\/li>\n<li class=\"py-0 my-0 prose-p:pt-0 prose-p:mb-2 prose-p:my-0 [&amp;&gt;p]:pt-0 [&amp;&gt;p]:mb-2 [&amp;&gt;p]:my-0\">\n<p class=\"my-2 [&amp;+p]:mt-4 [&amp;_strong:has(+br)]:inline-block [&amp;_strong:has(+br)]:pb-2\"><span class=\"group\/language-learning cursor-pointer\"><span class=\"group-hover\/language-learning:border-foreground border-subtle cursor-pointer hyphens-auto break-words border-b-2 border-dotted outline-none transition-colors duration-200 ease-out font-sans text-base font-medium text-foreground selection:bg-super\/50 selection:text-foreground dark:selection:bg-super\/10 dark:selection:text-super\">Dependiendo de la disponibilidad, el bol\u00edgrafo est\u00e1 disponible en forma de bol\u00edgrafo o l\u00e1piz y en diferentes colores y dise\u00f1os. Perfecto como peque\u00f1o recuerdo, regalo para los fans de las llamas o como bol\u00edgrafo especial para notas y agendas.<\/span><\/span><\/p>\n<\/li>\n<li>Nota: El color y el dise\u00f1o pueden variar ligeramente, ya que cada bol\u00edgrafo est\u00e1 hecho a mano.<\/li>\n<\/ul>\n<\/div>\n<\/div>\n<\/div>\n<\/div>\n<\/div>","protected":false},"excerpt":{"rendered":"<p>Bol\u00edgrafo dise\u00f1ado con cari\u00f1o con una colorida figura de llama: cada pieza es \u00fanica y aporta color a cualquier escritorio.<\/p>","protected":false},"featured_media":1083,"comment_status":"open","ping_status":"closed","template":"","meta":{"_acf_changed":false},"product_brand":[],"product_cat":[42,41],"product_tag":[],"class_list":{"0":"post-1062","1":"product","2":"type-product","3":"status-publish","4":"has-post-thumbnail","6":"product_cat-accessoires-taschen","7":"product_cat-produkte-geschenke","8":"product_shipping_class-small","10":"first","11":"instock","12":"shipping-taxable","13":"purchasable","14":"product-type-simple"},"acf":[],"_links":{"self":[{"href":"https:\/\/lama-oase.de\/es\/wp-json\/wp\/v2\/product\/1062","targetHints":{"allow":["GET"]}}],"collection":[{"href":"https:\/\/lama-oase.de\/es\/wp-json\/wp\/v2\/product"}],"about":[{"href":"https:\/\/lama-oase.de\/es\/wp-json\/wp\/v2\/types\/product"}],"replies":[{"embeddable":true,"href":"https:\/\/lama-oase.de\/es\/wp-json\/wp\/v2\/comments?post=1062"}],"wp:featuredmedia":[{"embeddable":true,"href":"https:\/\/lama-oase.de\/es\/wp-json\/wp\/v2\/media\/1083"}],"wp:attachment":[{"href":"https:\/\/lama-oase.de\/es\/wp-json\/wp\/v2\/media?parent=1062"}],"wp:term":[{"taxonomy":"product_brand","embeddable":true,"href":"https:\/\/lama-oase.de\/es\/wp-json\/wp\/v2\/product_brand?post=1062"},{"taxonomy":"product_cat","embeddable":true,"href":"https:\/\/lama-oase.de\/es\/wp-json\/wp\/v2\/product_cat?post=1062"},{"taxonomy":"product_tag","embeddable":true,"href":"https:\/\/lama-oase.de\/es\/wp-json\/wp\/v2\/product_tag?post=1062"}],"curies":[{"name":"wp","href":"https:\/\/api.w.org\/{rel}","templated":true}]}}