{"id":1143,"date":"2025-12-03T12:30:42","date_gmt":"2025-12-03T11:30:42","guid":{"rendered":"https:\/\/lama-oase.de\/?post_type=product&#038;p=1143"},"modified":"2025-12-09T20:57:05","modified_gmt":"2025-12-09T19:57:05","slug":"apendices-finales-peruanos","status":"publish","type":"product","link":"https:\/\/lama-oase.de\/es\/producto\/apendices-finales-peruanos\/","title":{"rendered":"Llavero peruano"},"content":{"rendered":"<div class=\"product-details product-details--layout-sidebar-right product-details--description-basic product-details--top-title\">\n<div class=\"product-details__description\">\n<div class=\"product-details-module product-details__general-info\">\n<div class=\"product-details-module__content\">\n<div id=\"productDescription\" class=\"product-details__product-description\">\n<p>Peque\u00f1as llamas de Per\u00fa, con silla de montar y en todas las combinaciones de colores imaginables. Vale la pena elegir personalmente - o h\u00e1ganos saber su preferencia de color.<\/p>\n<\/div>\n<\/div>\n<\/div>\n<\/div>\n<\/div>","protected":false},"excerpt":{"rendered":"<p>Mini llamas hechas a mano de Per\u00fa con montura de paquete en muchas combinaciones de colores - ideal para coleccionar o regalar; lo mejor es la elecci\u00f3n personal o una petici\u00f3n de color.<\/p>","protected":false},"featured_media":1149,"comment_status":"open","ping_status":"closed","template":"","meta":{"_acf_changed":false},"product_brand":[],"product_cat":[42,41],"product_tag":[],"class_list":{"0":"post-1143","1":"product","2":"type-product","3":"status-publish","4":"has-post-thumbnail","6":"product_cat-accessoires-taschen","7":"product_cat-produkte-geschenke","8":"product_shipping_class-small","10":"first","11":"instock","12":"shipping-taxable","13":"purchasable","14":"product-type-simple"},"acf":[],"_links":{"self":[{"href":"https:\/\/lama-oase.de\/es\/wp-json\/wp\/v2\/product\/1143","targetHints":{"allow":["GET"]}}],"collection":[{"href":"https:\/\/lama-oase.de\/es\/wp-json\/wp\/v2\/product"}],"about":[{"href":"https:\/\/lama-oase.de\/es\/wp-json\/wp\/v2\/types\/product"}],"replies":[{"embeddable":true,"href":"https:\/\/lama-oase.de\/es\/wp-json\/wp\/v2\/comments?post=1143"}],"wp:featuredmedia":[{"embeddable":true,"href":"https:\/\/lama-oase.de\/es\/wp-json\/wp\/v2\/media\/1149"}],"wp:attachment":[{"href":"https:\/\/lama-oase.de\/es\/wp-json\/wp\/v2\/media?parent=1143"}],"wp:term":[{"taxonomy":"product_brand","embeddable":true,"href":"https:\/\/lama-oase.de\/es\/wp-json\/wp\/v2\/product_brand?post=1143"},{"taxonomy":"product_cat","embeddable":true,"href":"https:\/\/lama-oase.de\/es\/wp-json\/wp\/v2\/product_cat?post=1143"},{"taxonomy":"product_tag","embeddable":true,"href":"https:\/\/lama-oase.de\/es\/wp-json\/wp\/v2\/product_tag?post=1143"}],"curies":[{"name":"wp","href":"https:\/\/api.w.org\/{rel}","templated":true}]}}