{"id":1164,"date":"2025-12-03T12:43:59","date_gmt":"2025-12-03T11:43:59","guid":{"rendered":"https:\/\/lama-oase.de\/?post_type=product&#038;p=1164"},"modified":"2025-12-09T20:55:33","modified_gmt":"2025-12-09T19:55:33","slug":"cojines-termorreguladores-antialergicos","status":"publish","type":"product","link":"https:\/\/lama-oase.de\/es\/producto\/cojines-termorreguladores-antialergicos\/","title":{"rendered":"Cojines de llama: regulan la temperatura y son antial\u00e9rgicos"},"content":{"rendered":"<p><span class=\"group\/language-learning cursor-pointer\"><span class=\"group-hover\/language-learning:border-foreground border-subtle cursor-pointer hyphens-auto break-words border-b-2 border-dotted outline-none transition-colors duration-200 ease-out font-sans text-base font-medium text-foreground selection:bg-super\/50 selection:text-foreground dark:selection:bg-super\/10 dark:selection:text-super\">Disfrute de un clima de descanso equilibrado de forma natural con esta almohada rellena de lana de llama y lana de oveja ecol\u00f3gica. Las fibras tienen un efecto regulador de la temperatura y la humedad, son inodoras y en gran medida autolimpiables, por lo que son ideales para al\u00e9rgicos y personas con articulaciones sensibles, reumatismo o gota.<\/span><\/span><br \/>\n<span class=\"group\/language-learning cursor-pointer\"><span class=\"group-hover\/language-learning:border-foreground border-subtle cursor-pointer hyphens-auto break-words border-b-2 border-dotted outline-none transition-colors duration-200 ease-out font-sans text-base font-medium text-foreground selection:bg-super\/50 selection:text-foreground dark:selection:bg-super\/10 dark:selection:text-super\">Acogedora y suave por fuera, pero con un apoyo agradable, el relleno se adapta a la forma de la cabeza y el cuello con el tiempo, proporcionando un alivio \u00f3ptimo. La almohada est\u00e1 disponible en distintos tama\u00f1os y alturas, y se fabrica con gran esmero en la f\u00e1brica de ropa de cama Sunna.<\/span><\/span><\/p>\n<table class=\"bg ecwid-description-table\">\n<tbody>\n<tr>\n<td>Talla<\/td>\n<td>40 x 80 cm, otros tama\u00f1os a petici\u00f3n<\/td>\n<\/tr>\n<tr>\n<td>Portada<\/td>\n<td>Forro de algod\u00f3n (ecol\u00f3gico) acolchado con lana de llama<\/td>\n<\/tr>\n<tr>\n<td>Relleno<\/td>\n<td>Lana de llama y lana de oveja (kbT)<\/td>\n<\/tr>\n<tr>\n<td>Atenci\u00f3n<\/td>\n<td>Funda lavable a 30 grados, lavar a mano. Relleno no lavable, airear regularmente.<\/td>\n<\/tr>\n<\/tbody>\n<\/table>\n<p><span class=\"group-hover\/language-learning:border-foreground border-subtle cursor-pointer hyphens-auto break-words border-b-2 border-dotted outline-none transition-colors duration-200 ease-out font-sans text-base font-medium text-foreground selection:bg-super\/50 selection:text-foreground dark:selection:bg-super\/10 dark:selection:text-super\">Nota: Los edredones y las almohadas no siempre est\u00e1n en stock. Estaremos encantados de fabricar el producto que desee por encargo; el plazo de entrega es de aprox. 6 semanas.<\/span><\/p>","protected":false},"excerpt":{"rendered":"<p>Almohada natural con lana de llama y relleno de lana de oveja ecol\u00f3gica para un clima de descanso equilibrado - regula la temperatura y la humedad, no desprende olores y es ideal para al\u00e9rgicos; funda de algod\u00f3n ecol\u00f3gico, lavable a 30 \u00b0C, relleno no lavable, ventilar regularmente.<\/p>","protected":false},"featured_media":1177,"comment_status":"open","ping_status":"closed","template":"","meta":{"_acf_changed":false},"product_brand":[],"product_cat":[41,44],"product_tag":[],"class_list":{"0":"post-1164","1":"product","2":"type-product","3":"status-publish","4":"has-post-thumbnail","6":"product_cat-produkte-geschenke","7":"product_cat-bettwaren-schlafkomfort","8":"product_shipping_class-heavy","10":"first","11":"instock","12":"shipping-taxable","13":"purchasable","14":"product-type-simple"},"acf":[],"_links":{"self":[{"href":"https:\/\/lama-oase.de\/es\/wp-json\/wp\/v2\/product\/1164","targetHints":{"allow":["GET"]}}],"collection":[{"href":"https:\/\/lama-oase.de\/es\/wp-json\/wp\/v2\/product"}],"about":[{"href":"https:\/\/lama-oase.de\/es\/wp-json\/wp\/v2\/types\/product"}],"replies":[{"embeddable":true,"href":"https:\/\/lama-oase.de\/es\/wp-json\/wp\/v2\/comments?post=1164"}],"wp:featuredmedia":[{"embeddable":true,"href":"https:\/\/lama-oase.de\/es\/wp-json\/wp\/v2\/media\/1177"}],"wp:attachment":[{"href":"https:\/\/lama-oase.de\/es\/wp-json\/wp\/v2\/media?parent=1164"}],"wp:term":[{"taxonomy":"product_brand","embeddable":true,"href":"https:\/\/lama-oase.de\/es\/wp-json\/wp\/v2\/product_brand?post=1164"},{"taxonomy":"product_cat","embeddable":true,"href":"https:\/\/lama-oase.de\/es\/wp-json\/wp\/v2\/product_cat?post=1164"},{"taxonomy":"product_tag","embeddable":true,"href":"https:\/\/lama-oase.de\/es\/wp-json\/wp\/v2\/product_tag?post=1164"}],"curies":[{"name":"wp","href":"https:\/\/api.w.org\/{rel}","templated":true}]}}