{"id":1188,"date":"2025-12-03T12:56:21","date_gmt":"2025-12-03T11:56:21","guid":{"rendered":"https:\/\/lama-oase.de\/?post_type=product&#038;p=1188"},"modified":"2025-12-09T20:55:05","modified_gmt":"2025-12-09T19:55:05","slug":"edredon-de-llama-ropa-de-cama-natural-termorreguladora","status":"publish","type":"product","link":"https:\/\/lama-oase.de\/es\/producto\/edredon-de-llama-ropa-de-cama-natural-termorreguladora\/","title":{"rendered":"Edred\u00f3n de llama - Ropa de cama natural que regula la temperatura"},"content":{"rendered":"<p class=\"my-2 [&amp;+p]:mt-4 [&amp;_strong:has(+br)]:inline-block [&amp;_strong:has(+br)]:pb-2\"><span class=\"group\/language-learning cursor-pointer\"><span class=\"group-hover\/language-learning:border-foreground border-subtle cursor-pointer hyphens-auto break-words border-b-2 border-dotted outline-none transition-colors duration-200 ease-out font-sans text-base font-medium text-foreground selection:bg-super\/50 selection:text-foreground dark:selection:bg-super\/10 dark:selection:text-super\">Los edredones n\u00f3rdicos de llama garantizan un clima de descanso equilibrado de forma natural: equilibran la temperatura y la humedad, son inodoros y en gran medida autolimpiables. Su bajo contenido en lanolina los hace ideales para al\u00e9rgicos y personas con reumatismo o gota. El edred\u00f3n es un producto puramente natural, fabricado con gran atenci\u00f3n al detalle en la f\u00e1brica de ropa de cama Sunna. El relleno es de lana de llama 100% procedente de nuestras llamas del Oasis Lama, la funda es de algod\u00f3n de cultivo ecol\u00f3gico controlado.<\/span><\/span>\u200b<\/p>\n<p class=\"my-2 [&amp;+p]:mt-4 [&amp;_strong:has(+br)]:inline-block [&amp;_strong:has(+br)]:pb-2\"><span class=\"group\/language-learning cursor-pointer\"><span class=\"group-hover\/language-learning:border-foreground border-subtle cursor-pointer hyphens-auto break-words border-b-2 border-dotted outline-none transition-colors duration-200 ease-out font-sans text-base font-medium text-foreground selection:bg-super\/50 selection:text-foreground dark:selection:bg-super\/10 dark:selection:text-super\">A pesar de su tacto acogedor y ligero, la manta proporciona un calor fiable sin sobrecalentar. Las propiedades especiales de la fibra de lana de llama mantienen un calor agradable en invierno y tienen un efecto equilibrante en las noches m\u00e1s suaves, por lo que la manta es ideal como edred\u00f3n para todo el a\u00f1o.<\/span><\/span><\/p>\n<p class=\"my-2 [&amp;+p]:mt-4 [&amp;_strong:has(+br)]:inline-block [&amp;_strong:has(+br)]:pb-2\"><span class=\"group\/language-learning cursor-pointer\"><span class=\"group-hover\/language-learning:border-foreground border-subtle cursor-pointer hyphens-auto break-words border-b-2 border-dotted outline-none transition-colors duration-200 ease-out font-sans text-base font-medium text-foreground selection:bg-super\/50 selection:text-foreground dark:selection:bg-super\/10 dark:selection:text-super\">Detalles:<\/span><\/span><br \/>\n<span class=\"group\/language-learning cursor-pointer\"><span class=\"group-hover\/language-learning:border-foreground border-subtle cursor-pointer hyphens-auto break-words border-b-2 border-dotted outline-none transition-colors duration-200 ease-out font-sans text-base font-medium text-foreground selection:bg-super\/50 selection:text-foreground dark:selection:bg-super\/10 dark:selection:text-super\">- Tama\u00f1o: por ejemplo, 135 \u00d7 200 cm (otros tama\u00f1os a petici\u00f3n)<\/span><\/span>\u200b<br \/>\n<span class=\"group\/language-learning cursor-pointer\"><span class=\"group-hover\/language-learning:border-foreground border-subtle cursor-pointer hyphens-auto break-words border-b-2 border-dotted outline-none transition-colors duration-200 ease-out font-sans text-base font-medium text-foreground selection:bg-super\/50 selection:text-foreground dark:selection:bg-super\/10 dark:selection:text-super\">- Relleno: 100% lana de llama de nuestros propios animales<\/span><\/span><br \/>\n<span class=\"group\/language-learning cursor-pointer\"><span class=\"group-hover\/language-learning:border-foreground border-subtle cursor-pointer hyphens-auto break-words border-b-2 border-dotted outline-none transition-colors duration-200 ease-out font-sans text-base font-medium text-foreground selection:bg-super\/50 selection:text-foreground dark:selection:bg-super\/10 dark:selection:text-super\">- Funda: algod\u00f3n org\u00e1nico, acolchado con lana de llama<\/span><\/span><\/p>\n<p class=\"my-2 [&amp;+p]:mt-4 [&amp;_strong:has(+br)]:inline-block [&amp;_strong:has(+br)]:pb-2\"><span class=\"group\/language-learning cursor-pointer\"><span class=\"group-hover\/language-learning:border-foreground border-subtle cursor-pointer hyphens-auto break-words border-b-2 border-dotted outline-none transition-colors duration-200 ease-out font-sans text-base font-medium text-foreground selection:bg-super\/50 selection:text-foreground dark:selection:bg-super\/10 dark:selection:text-super\">Cuidado:<\/span><\/span><br \/>\n<span class=\"group\/language-learning cursor-pointer\"><span class=\"group-hover\/language-learning:border-foreground border-subtle cursor-pointer hyphens-auto break-words border-b-2 border-dotted outline-none transition-colors duration-200 ease-out font-sans text-base font-medium text-foreground selection:bg-super\/50 selection:text-foreground dark:selection:bg-super\/10 dark:selection:text-super\">Las fibras son autolimpiables; suele bastar con airear bien el edred\u00f3n de cuatro a seis veces al a\u00f1o con aire fresco y ligeramente h\u00famedo y evitar la luz solar directa. En caso de mucha suciedad, recomendamos una limpieza profesional especializada para ropa de cama de fibras naturales. El lavado a m\u00e1quina y el secado en secadora pueden da\u00f1ar el valioso vell\u00f3n y provocar la formaci\u00f3n de grumos.<\/span><\/span>\u200b<\/p>\n<p class=\"my-2 [&amp;+p]:mt-4 [&amp;_strong:has(+br)]:inline-block [&amp;_strong:has(+br)]:pb-2\"><span class=\"group\/language-learning cursor-pointer\"><span class=\"group-hover\/language-learning:border-foreground border-subtle cursor-pointer hyphens-auto break-words border-b-2 border-dotted outline-none transition-colors duration-200 ease-out font-sans text-base font-medium text-foreground selection:bg-super\/50 selection:text-foreground dark:selection:bg-super\/10 dark:selection:text-super\">Disponibilidad:<\/span><\/span><br \/>\n<span class=\"group\/language-learning cursor-pointer\"><span class=\"group-hover\/language-learning:border-foreground border-subtle cursor-pointer hyphens-auto break-words border-b-2 border-dotted outline-none transition-colors duration-200 ease-out font-sans text-base font-medium text-foreground selection:bg-super\/50 selection:text-foreground dark:selection:bg-super\/10 dark:selection:text-super\">No siempre tenemos todas las tallas en stock. Estaremos encantados de hacerle su manta favorita por encargo; el plazo de entrega es de aprox. 6 semanas.<\/span><\/span><\/p>","protected":false},"excerpt":{"rendered":"<p>Edred\u00f3n de llama que equilibra de forma natural la temperatura y la humedad, con relleno de lana de llama 100 % de nuestros propios animales y funda de algod\u00f3n org\u00e1nico - ligero, inodoro, ideal como edred\u00f3n para todo el a\u00f1o y especialmente adecuado para al\u00e9rgicos.<\/p>","protected":false},"featured_media":1191,"comment_status":"open","ping_status":"closed","template":"","meta":{"_acf_changed":false},"product_brand":[],"product_cat":[41,44],"product_tag":[],"class_list":{"0":"post-1188","1":"product","2":"type-product","3":"status-publish","4":"has-post-thumbnail","6":"product_cat-produkte-geschenke","7":"product_cat-bettwaren-schlafkomfort","8":"product_shipping_class-heavy","10":"first","11":"instock","12":"shipping-taxable","13":"purchasable","14":"product-type-simple"},"acf":[],"_links":{"self":[{"href":"https:\/\/lama-oase.de\/es\/wp-json\/wp\/v2\/product\/1188","targetHints":{"allow":["GET"]}}],"collection":[{"href":"https:\/\/lama-oase.de\/es\/wp-json\/wp\/v2\/product"}],"about":[{"href":"https:\/\/lama-oase.de\/es\/wp-json\/wp\/v2\/types\/product"}],"replies":[{"embeddable":true,"href":"https:\/\/lama-oase.de\/es\/wp-json\/wp\/v2\/comments?post=1188"}],"wp:featuredmedia":[{"embeddable":true,"href":"https:\/\/lama-oase.de\/es\/wp-json\/wp\/v2\/media\/1191"}],"wp:attachment":[{"href":"https:\/\/lama-oase.de\/es\/wp-json\/wp\/v2\/media?parent=1188"}],"wp:term":[{"taxonomy":"product_brand","embeddable":true,"href":"https:\/\/lama-oase.de\/es\/wp-json\/wp\/v2\/product_brand?post=1188"},{"taxonomy":"product_cat","embeddable":true,"href":"https:\/\/lama-oase.de\/es\/wp-json\/wp\/v2\/product_cat?post=1188"},{"taxonomy":"product_tag","embeddable":true,"href":"https:\/\/lama-oase.de\/es\/wp-json\/wp\/v2\/product_tag?post=1188"}],"curies":[{"name":"wp","href":"https:\/\/api.w.org\/{rel}","templated":true}]}}