{"id":1192,"date":"2025-12-03T12:59:56","date_gmt":"2025-12-03T11:59:56","guid":{"rendered":"https:\/\/lama-oase.de\/?post_type=product&#038;p=1192"},"modified":"2025-12-09T20:54:35","modified_gmt":"2025-12-09T19:54:35","slug":"manta-de-lana-lama","status":"publish","type":"product","link":"https:\/\/lama-oase.de\/es\/producto\/manta-de-lana-lama\/","title":{"rendered":"Manta de lana de llama"},"content":{"rendered":"<p>Para acurrucarse en el sof\u00e1, mantener el calor en el patio o como acogedora manta de picnic: la manta llama.<\/p>\n<p>Por un lado, el mejor tejido de llama, por el interior el m\u00e1s fino vell\u00f3n de llama y por el reverso un elegante tejido de exterior de f\u00e1cil cuidado en color rojo.<\/p>\n<table class=\"bg ecwid-description-table\">\n<tbody>\n<tr>\n<td>Talla<\/td>\n<td>125 x 165 cm<\/td>\n<\/tr>\n<tr>\n<td>Tejido<\/td>\n<td>tejido de llama y poliamida<\/td>\n<\/tr>\n<tr>\n<td>Relleno<\/td>\n<td>Lana de llama del Oasis de la Llama<\/td>\n<\/tr>\n<tr>\n<td>Atenci\u00f3n<\/td>\n<td>Lavar a mano<\/td>\n<\/tr>\n<\/tbody>\n<\/table>","protected":false},"excerpt":{"rendered":"<p>Manta de llama vers\u00e1til (125 x 165 cm) para acurrucarse en el sof\u00e1, para el patio o un picnic - tejido de llama y tela robusta para exteriores en el exterior, relleno de lana de llama del Lama Oasis en el interior, f\u00e1cil de lavar a mano.<\/p>","protected":false},"featured_media":1193,"comment_status":"open","ping_status":"closed","template":"","meta":{"_acf_changed":false},"product_brand":[],"product_cat":[41,44],"product_tag":[],"class_list":{"0":"post-1192","1":"product","2":"type-product","3":"status-publish","4":"has-post-thumbnail","6":"product_cat-produkte-geschenke","7":"product_cat-bettwaren-schlafkomfort","8":"product_shipping_class-heavy","10":"first","11":"instock","12":"shipping-taxable","13":"purchasable","14":"product-type-simple"},"acf":[],"_links":{"self":[{"href":"https:\/\/lama-oase.de\/es\/wp-json\/wp\/v2\/product\/1192","targetHints":{"allow":["GET"]}}],"collection":[{"href":"https:\/\/lama-oase.de\/es\/wp-json\/wp\/v2\/product"}],"about":[{"href":"https:\/\/lama-oase.de\/es\/wp-json\/wp\/v2\/types\/product"}],"replies":[{"embeddable":true,"href":"https:\/\/lama-oase.de\/es\/wp-json\/wp\/v2\/comments?post=1192"}],"wp:featuredmedia":[{"embeddable":true,"href":"https:\/\/lama-oase.de\/es\/wp-json\/wp\/v2\/media\/1193"}],"wp:attachment":[{"href":"https:\/\/lama-oase.de\/es\/wp-json\/wp\/v2\/media?parent=1192"}],"wp:term":[{"taxonomy":"product_brand","embeddable":true,"href":"https:\/\/lama-oase.de\/es\/wp-json\/wp\/v2\/product_brand?post=1192"},{"taxonomy":"product_cat","embeddable":true,"href":"https:\/\/lama-oase.de\/es\/wp-json\/wp\/v2\/product_cat?post=1192"},{"taxonomy":"product_tag","embeddable":true,"href":"https:\/\/lama-oase.de\/es\/wp-json\/wp\/v2\/product_tag?post=1192"}],"curies":[{"name":"wp","href":"https:\/\/api.w.org\/{rel}","templated":true}]}}