{"id":1206,"date":"2025-12-03T13:19:52","date_gmt":"2025-12-03T12:19:52","guid":{"rendered":"https:\/\/lama-oase.de\/?post_type=product&#038;p=1206"},"modified":"2025-12-09T20:52:56","modified_gmt":"2025-12-09T19:52:56","slug":"cojines-de-sofa-de-lana-de-lama","status":"publish","type":"product","link":"https:\/\/lama-oase.de\/es\/producto\/cojines-de-sofa-de-lana-de-lama\/","title":{"rendered":"Cojines de lana de llama"},"content":{"rendered":"<p>El coj\u00edn del sof\u00e1 mide 40 x 40 cm. La funda es de algod\u00f3n org\u00e1nico. Puedes comprar el coj\u00edn de sof\u00e1 con o sin funda a juego.<\/p>\n<p>Relleno aprox. 450 g de lana de llama<\/p>","protected":false},"excerpt":{"rendered":"<p>Coj\u00edn de sof\u00e1 de 40 x 40 cm con relleno de lana de llama de 450 g aprox. y funda de fibra de algod\u00f3n (ecol\u00f3gico); disponible con o sin funda a juego.<\/p>","protected":false},"featured_media":1226,"comment_status":"open","ping_status":"closed","template":"","meta":{"_acf_changed":false},"product_brand":[],"product_cat":[44,41,43],"product_tag":[],"class_list":{"0":"post-1206","1":"product","2":"type-product","3":"status-publish","4":"has-post-thumbnail","6":"product_cat-bettwaren-schlafkomfort","7":"product_cat-produkte-geschenke","8":"product_cat-wohnen-deko","9":"product_shipping_class-heavy","11":"first","12":"instock","13":"shipping-taxable","14":"purchasable","15":"product-type-variable"},"acf":[],"_links":{"self":[{"href":"https:\/\/lama-oase.de\/es\/wp-json\/wp\/v2\/product\/1206","targetHints":{"allow":["GET"]}}],"collection":[{"href":"https:\/\/lama-oase.de\/es\/wp-json\/wp\/v2\/product"}],"about":[{"href":"https:\/\/lama-oase.de\/es\/wp-json\/wp\/v2\/types\/product"}],"replies":[{"embeddable":true,"href":"https:\/\/lama-oase.de\/es\/wp-json\/wp\/v2\/comments?post=1206"}],"wp:featuredmedia":[{"embeddable":true,"href":"https:\/\/lama-oase.de\/es\/wp-json\/wp\/v2\/media\/1226"}],"wp:attachment":[{"href":"https:\/\/lama-oase.de\/es\/wp-json\/wp\/v2\/media?parent=1206"}],"wp:term":[{"taxonomy":"product_brand","embeddable":true,"href":"https:\/\/lama-oase.de\/es\/wp-json\/wp\/v2\/product_brand?post=1206"},{"taxonomy":"product_cat","embeddable":true,"href":"https:\/\/lama-oase.de\/es\/wp-json\/wp\/v2\/product_cat?post=1206"},{"taxonomy":"product_tag","embeddable":true,"href":"https:\/\/lama-oase.de\/es\/wp-json\/wp\/v2\/product_tag?post=1206"}],"curies":[{"name":"wp","href":"https:\/\/api.w.org\/{rel}","templated":true}]}}