{"id":2172,"date":"2026-01-13T20:35:32","date_gmt":"2026-01-13T19:35:32","guid":{"rendered":"https:\/\/lama-oase.de\/?post_type=product&#038;p=2172"},"modified":"2026-01-16T18:15:50","modified_gmt":"2026-01-16T17:15:50","slug":"vale","status":"publish","type":"product","link":"https:\/\/lama-oase.de\/es\/producto\/vale\/","title":{"rendered":"Cheques regalo: regale experiencias"},"content":{"rendered":"<p>Ya sea durante una relajada <strong data-start=\"211\" data-end=\"228\" data-is-only-node=\"\">Excursi\u00f3n con llamas<\/strong>, un amor <strong data-start=\"248\" data-end=\"265\">Caminata en burro<\/strong>, un especial <strong data-start=\"284\" data-end=\"302\">Encuentro con camellos<\/strong> o un acogedor <strong data-start=\"326\" data-end=\"341\">Paseo en carruaje<\/strong> - Este vale representa el tiempo juntos, la cercan\u00eda a la naturaleza y los momentos reales con animales.<br data-start=\"429\" data-end=\"432\" \/>Disfrute de momentos relajantes, rostros radiantes y recuerdos que perdurar\u00e1n. Ideal para familias, parejas, ni\u00f1os u ocasiones especiales: un regalo que sale del coraz\u00f3n y tiene un efecto duradero.<\/p>\n<p>Seleccione el n\u00famero de personas y el lugar. Si desea m\u00e1s cheques regalo, p\u00f3ngase en contacto con nosotros en info@lama-oase.de. \u00a1Hacemos realidad sus deseos de regalo!<\/p>\n<p>&nbsp;<\/p>","protected":false},"excerpt":{"rendered":"<p>Regale momentos especiales en el Oasis Lama: tiempo en la naturaleza, encuentros con animales y experiencias inolvidables. Un vale lleno de alegr\u00eda, tranquilidad y recuerdos \u00fanicos.<\/p>","protected":false},"featured_media":1725,"comment_status":"open","ping_status":"closed","template":"","meta":{"_acf_changed":false},"product_brand":[],"product_cat":[34,41],"product_tag":[],"class_list":{"0":"post-2172","1":"product","2":"type-product","3":"status-publish","4":"has-post-thumbnail","6":"product_cat-voucher","7":"product_cat-produkte-geschenke","9":"first","10":"instock","11":"shipping-taxable","12":"purchasable","13":"product-type-variable"},"acf":[],"_links":{"self":[{"href":"https:\/\/lama-oase.de\/es\/wp-json\/wp\/v2\/product\/2172","targetHints":{"allow":["GET"]}}],"collection":[{"href":"https:\/\/lama-oase.de\/es\/wp-json\/wp\/v2\/product"}],"about":[{"href":"https:\/\/lama-oase.de\/es\/wp-json\/wp\/v2\/types\/product"}],"replies":[{"embeddable":true,"href":"https:\/\/lama-oase.de\/es\/wp-json\/wp\/v2\/comments?post=2172"}],"wp:featuredmedia":[{"embeddable":true,"href":"https:\/\/lama-oase.de\/es\/wp-json\/wp\/v2\/media\/1725"}],"wp:attachment":[{"href":"https:\/\/lama-oase.de\/es\/wp-json\/wp\/v2\/media?parent=2172"}],"wp:term":[{"taxonomy":"product_brand","embeddable":true,"href":"https:\/\/lama-oase.de\/es\/wp-json\/wp\/v2\/product_brand?post=2172"},{"taxonomy":"product_cat","embeddable":true,"href":"https:\/\/lama-oase.de\/es\/wp-json\/wp\/v2\/product_cat?post=2172"},{"taxonomy":"product_tag","embeddable":true,"href":"https:\/\/lama-oase.de\/es\/wp-json\/wp\/v2\/product_tag?post=2172"}],"curies":[{"name":"wp","href":"https:\/\/api.w.org\/{rel}","templated":true}]}}