{"id":696,"date":"2025-12-01T21:57:42","date_gmt":"2025-12-01T20:57:42","guid":{"rendered":"https:\/\/lama-oase.de\/?post_type=product&#038;p=696"},"modified":"2025-12-09T21:12:15","modified_gmt":"2025-12-09T20:12:15","slug":"caja-del-angel","status":"publish","type":"product","link":"https:\/\/lama-oase.de\/es\/producto\/caja-del-angel\/","title":{"rendered":"Caja de \u00e1ngeles"},"content":{"rendered":"<p>Con la caja del \u00e1ngel regalas:<\/p>\n<ul>\n<li>50 tarjetas de \u00e1ngel de la guarda<\/li>\n<li>Estatuilla de \u00e1ngel<\/li>\n<li>Colgante de \u00e1ngel de lana de llama (hecho a mano)<\/li>\n<li>lema personal<\/li>\n<\/ul>","protected":false},"excerpt":{"rendered":"<p>Caja de \u00e1ngeles con 50 tarjetas de \u00e1ngel de la guarda, figurita de \u00e1ngel, colgante de \u00e1ngel hecho a mano con lana de llama y lema personalizado: un regalo celestial para las personas a las que deseas especial protecci\u00f3n y amor.<\/p>","protected":false},"featured_media":700,"comment_status":"open","ping_status":"closed","template":"","meta":{"_acf_changed":false},"product_brand":[],"product_cat":[30],"product_tag":[27,28],"class_list":{"0":"post-696","1":"product","2":"type-product","3":"status-publish","4":"has-post-thumbnail","6":"product_cat-christmas-box","7":"product_tag-christmas-box","8":"product_tag-gift","9":"product_shipping_class-small","11":"first","12":"instock","13":"shipping-taxable","14":"purchasable","15":"product-type-simple"},"acf":[],"_links":{"self":[{"href":"https:\/\/lama-oase.de\/es\/wp-json\/wp\/v2\/product\/696","targetHints":{"allow":["GET"]}}],"collection":[{"href":"https:\/\/lama-oase.de\/es\/wp-json\/wp\/v2\/product"}],"about":[{"href":"https:\/\/lama-oase.de\/es\/wp-json\/wp\/v2\/types\/product"}],"replies":[{"embeddable":true,"href":"https:\/\/lama-oase.de\/es\/wp-json\/wp\/v2\/comments?post=696"}],"wp:featuredmedia":[{"embeddable":true,"href":"https:\/\/lama-oase.de\/es\/wp-json\/wp\/v2\/media\/700"}],"wp:attachment":[{"href":"https:\/\/lama-oase.de\/es\/wp-json\/wp\/v2\/media?parent=696"}],"wp:term":[{"taxonomy":"product_brand","embeddable":true,"href":"https:\/\/lama-oase.de\/es\/wp-json\/wp\/v2\/product_brand?post=696"},{"taxonomy":"product_cat","embeddable":true,"href":"https:\/\/lama-oase.de\/es\/wp-json\/wp\/v2\/product_cat?post=696"},{"taxonomy":"product_tag","embeddable":true,"href":"https:\/\/lama-oase.de\/es\/wp-json\/wp\/v2\/product_tag?post=696"}],"curies":[{"name":"wp","href":"https:\/\/api.w.org\/{rel}","templated":true}]}}