{"id":713,"date":"2025-12-01T22:07:59","date_gmt":"2025-12-01T21:07:59","guid":{"rendered":"https:\/\/lama-oase.de\/?post_type=product&#038;p=713"},"modified":"2026-01-17T14:18:30","modified_gmt":"2026-01-17T13:18:30","slug":"wunderbox","status":"publish","type":"product","link":"https:\/\/lama-oase.de\/es\/producto\/wunderbox\/","title":{"rendered":"Wonderbox"},"content":{"rendered":"<p>La caja Wunderbar es una preciosa caja de madera con la etiqueta \u201eDisfruta de las peque\u00f1as cosas\u201c y contiene:<\/p>\n<ul>\n<li>50 tarjetas \u201eS\u00e9 salvaje, descarado y maravilloso\u201c<\/li>\n<li>Desodorante natural en crema con aceites esenciales (50 ml)<\/li>\n<li>Jab\u00f3n hecho con lana de llama de nuestras llamas<\/li>\n<li>Collar de \u00e1ngel de lana de llama (hecho a mano)<\/li>\n<li>Llama del encanto<\/li>\n<\/ul>","protected":false},"excerpt":{"rendered":"<p>Caja de madera Wunderbar con \u201eDisfruta de las peque\u00f1as cosas\u201c: 50 tarjetas de motivaci\u00f3n, desodorante natural, jab\u00f3n de lana de llama, collar de \u00e1ngel hecho a mano con lana de llama y colgante de llama: un precioso set de regalo para sentirse bien.<\/p>","protected":false},"featured_media":714,"comment_status":"open","ping_status":"closed","template":"","meta":{"_acf_changed":false},"product_brand":[],"product_cat":[30],"product_tag":[27,28],"class_list":{"0":"post-713","1":"product","2":"type-product","3":"status-publish","4":"has-post-thumbnail","6":"product_cat-christmas-box","7":"product_tag-christmas-box","8":"product_tag-gift","9":"product_shipping_class-medium","11":"first","12":"outofstock","13":"shipping-taxable","14":"purchasable","15":"product-type-simple"},"acf":[],"_links":{"self":[{"href":"https:\/\/lama-oase.de\/es\/wp-json\/wp\/v2\/product\/713","targetHints":{"allow":["GET"]}}],"collection":[{"href":"https:\/\/lama-oase.de\/es\/wp-json\/wp\/v2\/product"}],"about":[{"href":"https:\/\/lama-oase.de\/es\/wp-json\/wp\/v2\/types\/product"}],"replies":[{"embeddable":true,"href":"https:\/\/lama-oase.de\/es\/wp-json\/wp\/v2\/comments?post=713"}],"wp:featuredmedia":[{"embeddable":true,"href":"https:\/\/lama-oase.de\/es\/wp-json\/wp\/v2\/media\/714"}],"wp:attachment":[{"href":"https:\/\/lama-oase.de\/es\/wp-json\/wp\/v2\/media?parent=713"}],"wp:term":[{"taxonomy":"product_brand","embeddable":true,"href":"https:\/\/lama-oase.de\/es\/wp-json\/wp\/v2\/product_brand?post=713"},{"taxonomy":"product_cat","embeddable":true,"href":"https:\/\/lama-oase.de\/es\/wp-json\/wp\/v2\/product_cat?post=713"},{"taxonomy":"product_tag","embeddable":true,"href":"https:\/\/lama-oase.de\/es\/wp-json\/wp\/v2\/product_tag?post=713"}],"curies":[{"name":"wp","href":"https:\/\/api.w.org\/{rel}","templated":true}]}}