{"id":808,"date":"2025-12-02T17:21:27","date_gmt":"2025-12-02T16:21:27","guid":{"rendered":"https:\/\/lama-oase.de\/?post_type=product&#038;p=808"},"modified":"2025-12-09T21:06:31","modified_gmt":"2025-12-09T20:06:31","slug":"tarjetas-de-motivacion","status":"publish","type":"product","link":"https:\/\/lama-oase.de\/es\/producto\/tarjetas-de-motivacion\/","title":{"rendered":"Tarjetas de motivaci\u00f3n"},"content":{"rendered":"<div class=\"product-details__product-attributes\">\n<div class=\"details-product-attribute\"><span class=\"details-product-attribute__title\">Cantidad de relleno:\u00a0<\/span><span class=\"details-product-attribute__value\">24 postales con tarjetero<\/span><\/div>\n<\/div>\n<div id=\"productDescription\" class=\"product-details__product-description\">\n<p>Las tarjetas de motivaci\u00f3n son un conjunto de 24 postales dise\u00f1adas con cari\u00f1o con im\u00e1genes de los animales de Lama Oasis. Llamas, camellos, caballos, burros, ponis, gatos y perros te traen frases motivadoras. Utiliza las tarjetas de motivaci\u00f3n para elegir un lema diario, semanal o mensual al azar. O elige deliberadamente un lema adecuado para darle a tu d\u00eda un objetivo elegido.<\/p>\n<p>Los juegos de tarjetas se presentan en una caja a juego con un tarjetero de madera. El soporte tambi\u00e9n incluye un lema personalizado. Las cajas est\u00e1n disponibles en varios colores:<\/p>\n<ul>\n<li>Azul<\/li>\n<li>Rojo<\/li>\n<li>Crema<\/li>\n<li>Blanco.<\/li>\n<\/ul>\n<p>Los colores tambi\u00e9n se pueden combinar. El lema del tarjetero tambi\u00e9n puede personalizarse.<\/p>\n<\/div>","protected":false},"excerpt":{"rendered":"<p>Set de 24 postales motivacionales con motivos de animales del Oasis de Lama, dise\u00f1adas con mucho cari\u00f1o, que incluye un portapostales de madera con lema y una colorida caja de regalo: perfecto para tu lema diario, semanal o mensual.<\/p>","protected":false},"featured_media":815,"comment_status":"open","ping_status":"closed","template":"","meta":{"_acf_changed":false},"product_brand":[],"product_cat":[35],"product_tag":[],"class_list":{"0":"post-808","1":"product","2":"type-product","3":"status-publish","4":"has-post-thumbnail","6":"product_cat-achtsamkeit-motivation","7":"product_shipping_class-medium","9":"first","10":"instock","11":"shipping-taxable","12":"purchasable","13":"product-type-simple"},"acf":[],"_links":{"self":[{"href":"https:\/\/lama-oase.de\/es\/wp-json\/wp\/v2\/product\/808","targetHints":{"allow":["GET"]}}],"collection":[{"href":"https:\/\/lama-oase.de\/es\/wp-json\/wp\/v2\/product"}],"about":[{"href":"https:\/\/lama-oase.de\/es\/wp-json\/wp\/v2\/types\/product"}],"replies":[{"embeddable":true,"href":"https:\/\/lama-oase.de\/es\/wp-json\/wp\/v2\/comments?post=808"}],"wp:featuredmedia":[{"embeddable":true,"href":"https:\/\/lama-oase.de\/es\/wp-json\/wp\/v2\/media\/815"}],"wp:attachment":[{"href":"https:\/\/lama-oase.de\/es\/wp-json\/wp\/v2\/media?parent=808"}],"wp:term":[{"taxonomy":"product_brand","embeddable":true,"href":"https:\/\/lama-oase.de\/es\/wp-json\/wp\/v2\/product_brand?post=808"},{"taxonomy":"product_cat","embeddable":true,"href":"https:\/\/lama-oase.de\/es\/wp-json\/wp\/v2\/product_cat?post=808"},{"taxonomy":"product_tag","embeddable":true,"href":"https:\/\/lama-oase.de\/es\/wp-json\/wp\/v2\/product_tag?post=808"}],"curies":[{"name":"wp","href":"https:\/\/api.w.org\/{rel}","templated":true}]}}