{"id":930,"date":"2025-12-02T18:52:15","date_gmt":"2025-12-02T17:52:15","guid":{"rendered":"https:\/\/lama-oase.de\/?post_type=product&#038;p=930"},"modified":"2025-12-09T21:05:13","modified_gmt":"2025-12-09T20:05:13","slug":"calcetines-de-lana-de-camello","status":"publish","type":"product","link":"https:\/\/lama-oase.de\/es\/producto\/calcetines-de-lana-de-camello\/","title":{"rendered":"Calcetines de lana camel"},"content":{"rendered":"<p>Estos calcetines de lana de camello 72%, viscosa 18% (de fibra de bamb\u00fa) y elastano 10% - Made in Mongolia - son realmente c\u00e1lidos y excepcionalmente c\u00f3modos.<\/p>","protected":false},"excerpt":{"rendered":"<p>Calcetines de lana extra c\u00e1lidos y agradablemente suaves fabricados con 72 % de lana de camello, 18 % de viscosa de fibra de bamb\u00fa y 10 % de elastano: transpirables, estables dimensionalmente y fabricados en Mongolia.<\/p>","protected":false},"featured_media":938,"comment_status":"open","ping_status":"closed","template":"","meta":{"_acf_changed":false},"product_brand":[],"product_cat":[41,45],"product_tag":[],"class_list":{"0":"post-930","1":"product","2":"type-product","3":"status-publish","4":"has-post-thumbnail","6":"product_cat-produkte-geschenke","7":"product_cat-gesundheit-wohlbefinden","8":"product_shipping_class-medium","10":"first","11":"instock","12":"shipping-taxable","13":"purchasable","14":"product-type-variable"},"acf":[],"_links":{"self":[{"href":"https:\/\/lama-oase.de\/es\/wp-json\/wp\/v2\/product\/930","targetHints":{"allow":["GET"]}}],"collection":[{"href":"https:\/\/lama-oase.de\/es\/wp-json\/wp\/v2\/product"}],"about":[{"href":"https:\/\/lama-oase.de\/es\/wp-json\/wp\/v2\/types\/product"}],"replies":[{"embeddable":true,"href":"https:\/\/lama-oase.de\/es\/wp-json\/wp\/v2\/comments?post=930"}],"wp:featuredmedia":[{"embeddable":true,"href":"https:\/\/lama-oase.de\/es\/wp-json\/wp\/v2\/media\/938"}],"wp:attachment":[{"href":"https:\/\/lama-oase.de\/es\/wp-json\/wp\/v2\/media?parent=930"}],"wp:term":[{"taxonomy":"product_brand","embeddable":true,"href":"https:\/\/lama-oase.de\/es\/wp-json\/wp\/v2\/product_brand?post=930"},{"taxonomy":"product_cat","embeddable":true,"href":"https:\/\/lama-oase.de\/es\/wp-json\/wp\/v2\/product_cat?post=930"},{"taxonomy":"product_tag","embeddable":true,"href":"https:\/\/lama-oase.de\/es\/wp-json\/wp\/v2\/product_tag?post=930"}],"curies":[{"name":"wp","href":"https:\/\/api.w.org\/{rel}","templated":true}]}}