{"id":944,"date":"2025-12-02T19:01:45","date_gmt":"2025-12-02T18:01:45","guid":{"rendered":"https:\/\/lama-oase.de\/?post_type=product&#038;p=944"},"modified":"2025-12-09T21:04:42","modified_gmt":"2025-12-09T20:04:42","slug":"plantillas-de-lana-lama","status":"publish","type":"product","link":"https:\/\/lama-oase.de\/es\/producto\/plantillas-de-lana-lama\/","title":{"rendered":"Plantillas de lana de llama"},"content":{"rendered":"<p>Estas plantillas est\u00e1n hechas de nuestra lana de llama (60%) mezclada con lana de oveja (40%) y son especialmente c\u00f3modas de llevar gracias a sus propiedades termorreguladoras naturales. Su procesamiento les confiere un tacto suave y el\u00e1stico. Debido a su naturaleza, son adecuados para su uso durante todo el a\u00f1o y, por lo tanto, pueden llevarse en el calzado tanto en verano como en invierno. Est\u00e1n afieltradas, perforadas, cosidas y cosidas, lo que las hace especialmente resistentes. Tambi\u00e9n est\u00e1n disponibles como plantillas de hierbas con aroma de lavanda.<\/p>","protected":false},"excerpt":{"rendered":"<p>Plantillas robustas para todo el a\u00f1o, de lana de llama 60 % y lana de oveja 40 % - termorreguladoras, suaves y el\u00e1sticas, afelpadas y acolchadas, tambi\u00e9n disponibles como plantillas de hierba de lavanda bajo pedido.<\/p>","protected":false},"featured_media":946,"comment_status":"open","ping_status":"closed","template":"","meta":{"_acf_changed":false},"product_brand":[],"product_cat":[41,45],"product_tag":[],"class_list":{"0":"post-944","1":"product","2":"type-product","3":"status-publish","4":"has-post-thumbnail","6":"product_cat-produkte-geschenke","7":"product_cat-gesundheit-wohlbefinden","8":"product_shipping_class-medium","10":"first","11":"instock","12":"shipping-taxable","13":"purchasable","14":"product-type-variable"},"acf":[],"_links":{"self":[{"href":"https:\/\/lama-oase.de\/es\/wp-json\/wp\/v2\/product\/944","targetHints":{"allow":["GET"]}}],"collection":[{"href":"https:\/\/lama-oase.de\/es\/wp-json\/wp\/v2\/product"}],"about":[{"href":"https:\/\/lama-oase.de\/es\/wp-json\/wp\/v2\/types\/product"}],"replies":[{"embeddable":true,"href":"https:\/\/lama-oase.de\/es\/wp-json\/wp\/v2\/comments?post=944"}],"wp:featuredmedia":[{"embeddable":true,"href":"https:\/\/lama-oase.de\/es\/wp-json\/wp\/v2\/media\/946"}],"wp:attachment":[{"href":"https:\/\/lama-oase.de\/es\/wp-json\/wp\/v2\/media?parent=944"}],"wp:term":[{"taxonomy":"product_brand","embeddable":true,"href":"https:\/\/lama-oase.de\/es\/wp-json\/wp\/v2\/product_brand?post=944"},{"taxonomy":"product_cat","embeddable":true,"href":"https:\/\/lama-oase.de\/es\/wp-json\/wp\/v2\/product_cat?post=944"},{"taxonomy":"product_tag","embeddable":true,"href":"https:\/\/lama-oase.de\/es\/wp-json\/wp\/v2\/product_tag?post=944"}],"curies":[{"name":"wp","href":"https:\/\/api.w.org\/{rel}","templated":true}]}}